{"id":36254,"date":"2025-03-04T08:19:33","date_gmt":"2025-03-04T08:19:33","guid":{"rendered":"https:\/\/fcos.co.uk\/?page_id=36254"},"modified":"2026-03-26T10:07:19","modified_gmt":"2026-03-26T10:07:19","slug":"our-firm","status":"publish","type":"page","link":"https:\/\/fcos.co.uk\/ro\/our-firm\/","title":{"rendered":"DESPRE FIRM\u0102"},"content":{"rendered":"<p><div class=\"fusion-fullwidth fullwidth-box fusion-builder-row-1 fusion-flex-container has-pattern-background has-mask-background nonhundred-percent-fullwidth non-hundred-percent-height-scrolling\" style=\"--awb-border-radius-top-left:0px;--awb-border-radius-top-right:0px;--awb-border-radius-bottom-right:0px;--awb-border-radius-bottom-left:0px;--awb-flex-wrap:wrap;\" ><div class=\"fusion-builder-row fusion-row fusion-flex-align-items-flex-start fusion-flex-content-wrap\" style=\"max-width:1456px;margin-left: calc(-4% \/ 2 );margin-right: calc(-4% \/ 2 );\"><div class=\"fusion-layout-column fusion_builder_column fusion-builder-column-0 fusion_builder_column_1_1 1_1 fusion-flex-column\" style=\"--awb-bg-size:cover;--awb-width-large:100%;--awb-margin-top-large:0px;--awb-spacing-right-large:1.92%;--awb-margin-bottom-large:20px;--awb-spacing-left-large:1.92%;--awb-width-medium:100%;--awb-order-medium:0;--awb-spacing-right-medium:1.92%;--awb-spacing-left-medium:1.92%;--awb-width-small:100%;--awb-order-small:0;--awb-spacing-right-small:1.92%;--awb-spacing-left-small:1.92%;\"><div class=\"fusion-column-wrapper fusion-column-has-shadow fusion-flex-justify-content-flex-start fusion-content-layout-column\"><div class=\"fusion-text fusion-text-1 fusion-animated\" data-animationtype=\"zoomInLeft\" data-animationduration=\"0.3\" data-animationoffset=\"top-into-view\"><h1><strong><span style=\"font-family: helvetica, arial, sans-serif;\">Despre Firm\u0103<\/span><\/strong><\/h1>\n<\/div><\/div><\/div><\/div><\/div><div class=\"fusion-fullwidth fullwidth-box fusion-builder-row-2 fusion-flex-container has-pattern-background has-mask-background nonhundred-percent-fullwidth non-hundred-percent-height-scrolling\" style=\"--awb-border-radius-top-left:0px;--awb-border-radius-top-right:0px;--awb-border-radius-bottom-right:0px;--awb-border-radius-bottom-left:0px;--awb-flex-wrap:wrap;\" ><div class=\"fusion-builder-row fusion-row fusion-flex-align-items-center fusion-flex-content-wrap\" style=\"max-width:1456px;margin-left: calc(-4% \/ 2 );margin-right: calc(-4% \/ 2 );\"><div class=\"fusion-layout-column fusion_builder_column fusion-builder-column-1 fusion_builder_column_1_2 1_2 fusion-flex-column\" style=\"--awb-bg-size:cover;--awb-width-large:50%;--awb-margin-top-large:0px;--awb-spacing-right-large:3.84%;--awb-margin-bottom-large:20px;--awb-spacing-left-large:3.84%;--awb-width-medium:50%;--awb-order-medium:0;--awb-spacing-right-medium:3.84%;--awb-spacing-left-medium:3.84%;--awb-width-small:100%;--awb-order-small:0;--awb-spacing-right-small:1.92%;--awb-spacing-left-small:1.92%;\"><div class=\"fusion-column-wrapper fusion-column-has-shadow fusion-flex-justify-content-flex-start fusion-content-layout-column\"><div class=\"fusion-text fusion-text-2\"><h3><b>Misiunea noastr\u0103<\/b><\/h3>\n<p style=\"text-align: left; line-height: 25px;\" data-fusion-font=\"true\">Forest &amp; Co Solicitors was founded on a clear principle: legal guidance should provide <span style=\"color: var(--awb-color4);\"><b>clarity, direction and confidence<\/b><\/span> in moments of complex legal decision-making.<\/p>\n<p style=\"text-align: left;\"><span style=\"font-family: var(--awb-text-font-family); font-size: var(--awb-font-size); font-style: var(--awb-text-font-style); letter-spacing: var(--awb-letter-spacing); text-align: var(--awb-content-alignment); text-transform: var(--awb-text-transform); line-height: 25px;\" data-fusion-font=\"true\">Legal matters often arise at moments of uncertainty, when individuals or businesses are required to make <span style=\"color: var(--awb-color4);\"><b>important decisions<\/b><\/span> without fully understanding the legal framework surrounding them. Our role is to guide clients through that complexity by providing <span style=\"color: var(--awb-color4);\"><b>strategic legal advice, clear explanations and a realistic understanding<\/b><\/span> of the next steps in their matter.<\/span><\/p>\n<p style=\"text-align: left; line-height: 25px;\" data-fusion-font=\"true\"><span style=\"font-weight: 400;\">Our approach is defined by<\/span><b> <span style=\"color: var(--awb-color4);\">careful analysis, strategic thinking and close attention<\/span><\/b> to the individual circumstances of each case. Effective legal guidance requires not only technical expertise, but also a clear understanding of the wider context in which legal issues arise.<\/p>\n<p style=\"text-align: left;\"><span style=\"font-family: var(--awb-text-font-family); font-size: var(--awb-font-size); font-style: var(--awb-text-font-style); letter-spacing: var(--awb-letter-spacing); text-align: var(--awb-content-alignment); text-transform: var(--awb-text-transform); line-height: 25px;\" data-fusion-font=\"true\">Over time, Forest &amp; Co Solicitors has established itself as <span style=\"color: var(--awb-color4);\"><b>a trusted legal partner<\/b><\/span> for individuals and businesses seeking dependable legal guidance. Our work is characterised by careful preparation, professional judgement and a strong commitment to client dedication.<\/span><\/p>\n<\/div><\/div><\/div><div class=\"fusion-layout-column fusion_builder_column fusion-builder-column-2 fusion_builder_column_1_2 1_2 fusion-flex-column\" style=\"--awb-bg-size:cover;--awb-width-large:50%;--awb-margin-top-large:0px;--awb-spacing-right-large:3.84%;--awb-margin-bottom-large:20px;--awb-spacing-left-large:3.84%;--awb-width-medium:50%;--awb-order-medium:0;--awb-spacing-right-medium:3.84%;--awb-spacing-left-medium:3.84%;--awb-width-small:100%;--awb-order-small:0;--awb-spacing-right-small:1.92%;--awb-spacing-left-small:1.92%;\"><div class=\"fusion-column-wrapper fusion-column-has-shadow fusion-flex-justify-content-flex-start fusion-content-layout-column\"><div class=\"fusion-image-element\" style=\"--awb-margin-top:70px;--awb-caption-title-font-family:var(--h2_typography-font-family);--awb-caption-title-font-weight:var(--h2_typography-font-weight);--awb-caption-title-font-style:var(--h2_typography-font-style);--awb-caption-title-size:var(--h2_typography-font-size);--awb-caption-title-transform:var(--h2_typography-text-transform);--awb-caption-title-line-height:var(--h2_typography-line-height);--awb-caption-title-letter-spacing:var(--h2_typography-letter-spacing);\"><span class=\"fusion-imageframe imageframe-none imageframe-1 hover-type-none\"><img decoding=\"async\" width=\"1500\" height=\"1000\" title=\"the firm resized\" src=\"https:\/\/fcos.co.uk\/wp-content\/uploads\/2026\/03\/the-firm-resized.png\" alt class=\"img-responsive wp-image-38267\" srcset=\"https:\/\/fcos.co.uk\/wp-content\/uploads\/2026\/03\/the-firm-resized-200x133.png 200w, https:\/\/fcos.co.uk\/wp-content\/uploads\/2026\/03\/the-firm-resized-400x267.png 400w, https:\/\/fcos.co.uk\/wp-content\/uploads\/2026\/03\/the-firm-resized-600x400.png 600w, https:\/\/fcos.co.uk\/wp-content\/uploads\/2026\/03\/the-firm-resized-800x533.png 800w, https:\/\/fcos.co.uk\/wp-content\/uploads\/2026\/03\/the-firm-resized-1200x800.png 1200w, https:\/\/fcos.co.uk\/wp-content\/uploads\/2026\/03\/the-firm-resized.png 1500w\" sizes=\"(max-width: 640px) 100vw, 800px\" \/><\/span><\/div><\/div><\/div><div class=\"fusion-layout-column fusion_builder_column fusion-builder-column-3 fusion_builder_column_1_2 1_2 fusion-flex-column\" style=\"--awb-bg-size:cover;--awb-width-large:50%;--awb-margin-top-large:0px;--awb-spacing-right-large:3.84%;--awb-margin-bottom-large:20px;--awb-spacing-left-large:3.84%;--awb-width-medium:50%;--awb-order-medium:0;--awb-spacing-right-medium:3.84%;--awb-spacing-left-medium:3.84%;--awb-width-small:100%;--awb-order-small:0;--awb-spacing-right-small:1.92%;--awb-spacing-left-small:1.92%;\"><div class=\"fusion-column-wrapper fusion-column-has-shadow fusion-flex-justify-content-flex-start fusion-content-layout-column\"><div class=\"fusion-separator fusion-full-width-sep\" style=\"align-self: center;margin-left: auto;margin-right: auto;margin-top:6px;width:100%;\"><\/div><div class=\"fusion-image-element\" style=\"--awb-caption-title-font-family:var(--h2_typography-font-family);--awb-caption-title-font-weight:var(--h2_typography-font-weight);--awb-caption-title-font-style:var(--h2_typography-font-style);--awb-caption-title-size:var(--h2_typography-font-size);--awb-caption-title-transform:var(--h2_typography-text-transform);--awb-caption-title-line-height:var(--h2_typography-line-height);--awb-caption-title-letter-spacing:var(--h2_typography-letter-spacing);\"><span class=\"fusion-imageframe imageframe-none imageframe-2 hover-type-none\"><img decoding=\"async\" width=\"1200\" height=\"1035\" title=\"_DSF9776-2\" src=\"https:\/\/fcos.co.uk\/wp-content\/uploads\/2025\/03\/DSF9776-2.jpg\" alt class=\"img-responsive wp-image-36952\" srcset=\"https:\/\/fcos.co.uk\/wp-content\/uploads\/2025\/03\/DSF9776-2-200x173.jpg 200w, https:\/\/fcos.co.uk\/wp-content\/uploads\/2025\/03\/DSF9776-2-400x345.jpg 400w, https:\/\/fcos.co.uk\/wp-content\/uploads\/2025\/03\/DSF9776-2-600x518.jpg 600w, https:\/\/fcos.co.uk\/wp-content\/uploads\/2025\/03\/DSF9776-2-800x690.jpg 800w, https:\/\/fcos.co.uk\/wp-content\/uploads\/2025\/03\/DSF9776-2.jpg 1200w\" sizes=\"(max-width: 640px) 100vw, 800px\" \/><\/span><\/div><\/div><\/div><div class=\"fusion-layout-column fusion_builder_column fusion-builder-column-4 fusion_builder_column_1_2 1_2 fusion-flex-column\" style=\"--awb-bg-size:cover;--awb-width-large:50%;--awb-margin-top-large:0px;--awb-spacing-right-large:3.84%;--awb-margin-bottom-large:20px;--awb-spacing-left-large:3.84%;--awb-width-medium:50%;--awb-order-medium:0;--awb-spacing-right-medium:3.84%;--awb-spacing-left-medium:3.84%;--awb-width-small:100%;--awb-order-small:0;--awb-spacing-right-small:1.92%;--awb-spacing-left-small:1.92%;\"><div class=\"fusion-column-wrapper fusion-column-has-shadow fusion-flex-justify-content-flex-start fusion-content-layout-column\"><div class=\"fusion-text fusion-text-3\"><p>&nbsp;<\/p>\n<h3><b style=\"line-height: 21px;\" data-fusion-font=\"true\">Valorile Noastre<\/b><\/h3>\n<p style=\"text-align: left; padding-left: 40px;\"><strong style=\"font-family: var(--awb-text-font-family); font-size: var(--awb-font-size); font-style: var(--awb-text-font-style); letter-spacing: var(--awb-letter-spacing); text-align: var(--awb-content-alignment); text-transform: var(--awb-text-transform);\"><span style=\"color: var(--awb-color5); line-height: 22px;\" data-fusion-font=\"true\"> <span style=\"line-height: 21px;\" data-fusion-font=\"true\">Claritate: <\/span><\/span><\/strong><span style=\"font-family: var(--awb-text-font-family); font-size: var(--awb-font-size); font-style: var(--awb-text-font-style); letter-spacing: var(--awb-letter-spacing); text-align: var(--awb-content-alignment); text-transform: var(--awb-text-transform); line-height: 21px;\" data-fusion-font=\"true\">Transform\u0103m problemele juridice complexe \u00een \u00eendrumare clar\u0103 \u0219i structurat\u0103 <\/span><span style=\"line-height: 21px;\" data-fusion-font=\"true\">, oferind clien\u021bilor posibilitatea de a-\u0219i \u00een\u021belege situa\u021bia \u0219i de a lua decizii informate cu \u00eencredere deplin\u0103.<\/span><\/p>\n<p style=\"text-align: left; font-weight: 400; padding-left: 40px;\"><strong style=\"color: var(--awb-color5); line-height: 21px;\" data-fusion-font=\"true\">Integritate: <\/strong><span style=\"font-family: var(--awb-text-font-family); font-size: var(--awb-font-size); font-style: var(--awb-text-font-style); letter-spacing: var(--awb-letter-spacing); text-align: var(--awb-content-alignment); text-transform: var(--awb-text-transform); line-height: 21px;\" data-fusion-font=\"true\">Consilierea noastr\u0103 este onest\u0103, echilibrat\u0103 \u0219i ancorat\u0103 \u00een realit\u0103\u021bile juridice. Clien\u021bii beneficiaz\u0103 de \u00eendrumare clar\u0103, bazat\u0103 pe analiz\u0103 juridic\u0103 riguroas\u0103 \u0219i judecat\u0103 profesional\u0103.<\/span><\/p>\n<p style=\"text-align: left; font-weight: 400; padding-left: 40px;\"><strong><span style=\"color: var(--awb-color5); line-height: 21px;\" data-fusion-font=\"true\">G\u00e2ndire Strategic\u0103: <\/span><\/strong><span style=\"font-family: var(--awb-text-font-family); font-size: var(--awb-font-size); font-style: var(--awb-text-font-style); letter-spacing: var(--awb-letter-spacing); text-align: var(--awb-content-alignment); text-transform: var(--awb-text-transform); line-height: 21px;\" data-fusion-font=\"true\">Deciziile juridice exist\u0103 rareori \u00een izolare. Fiecare dosar este abordat cu analiz\u0103 atent\u0103, astfel \u00eenc\u00e2t ac\u021biunile imediate s\u0103 fie \u00eentotdeauna privite \u00een contextul juridic \u0219i practic mai larg.<\/span><\/p>\n<p style=\"text-align: left; font-weight: 400; padding-left: 40px;\"><strong style=\"color: var(--awb-color5); line-height: 4px;\" data-fusion-font=\"true\"><span style=\"line-height: 21px;\" data-fusion-font=\"true\">Discre\u021bie: <\/span><\/strong><span style=\"font-family: var(--awb-text-font-family); font-size: var(--awb-font-size); font-style: var(--awb-text-font-style); letter-spacing: var(--awb-letter-spacing); text-align: var(--awb-content-alignment); text-transform: var(--awb-text-transform); line-height: 21px;\" data-fusion-font=\"true\">Problemele juridice implic\u0103 adesea circumstan\u021be sensibile. <\/span><span style=\"font-family: var(--awb-text-font-family); font-size: var(--awb-font-size); font-style: var(--awb-text-font-style); letter-spacing: var(--awb-letter-spacing); text-align: var(--awb-content-alignment); text-transform: var(--awb-text-transform);\">Ac\u021bion\u0103m cu profesionalism, confiden\u021bialitate \u0219i respect \u00een fiecare dosar care ne este \u00eencredin\u021bat.<\/span><\/p>\n<\/div><\/div><\/div><div class=\"fusion-layout-column fusion_builder_column fusion-builder-column-5 fusion_builder_column_1_2 1_2 fusion-flex-column\" style=\"--awb-bg-size:cover;--awb-width-large:50%;--awb-margin-top-large:0px;--awb-spacing-right-large:3.84%;--awb-margin-bottom-large:20px;--awb-spacing-left-large:3.84%;--awb-width-medium:50%;--awb-order-medium:0;--awb-spacing-right-medium:3.84%;--awb-spacing-left-medium:3.84%;--awb-width-small:100%;--awb-order-small:0;--awb-spacing-right-small:1.92%;--awb-spacing-left-small:1.92%;\"><div class=\"fusion-column-wrapper fusion-column-has-shadow fusion-flex-justify-content-flex-start fusion-content-layout-column\"><div class=\"fusion-text fusion-text-4\"><h3><span style=\"font-family: helvetica, arial, sans-serif;\"><b> Why Choose Forest &amp; Co Solicitors?<\/b><\/span><\/h3>\n<p style=\"padding-left: 40px;\"><span style=\"font-family: helvetica, arial, sans-serif;\">Choosing the right solicitor is an important decision, and at Forest &amp; Co. Solicitors, we stand out for our <strong style=\"color: var(--awb-color4);\">n dedicare, experien\u021b\u0103 \u0219i un angajament ferm fa\u021b\u0103 de clien\u021bii no\u0219tri.<\/strong> Iat\u0103 de ce persoanele fizice \u0219i companiile au \u00eencredere \u00een noi:<\/span><\/p>\n<ul>\n<li><span style=\"font-family: helvetica, arial, sans-serif;\"><strong style=\"line-height: 22px; color: var(--awb-color5);\" data-fusion-font=\"true\">Asisten\u021b\u0103 Juridic\u0103 Personalizat\u0103<\/strong><span style=\"line-height: 22px;\" data-fusion-font=\"true\"> \u2013 \u00cen\u021belegem c\u0103 fiecare caz este unic, de aceea oferim consiliere \u0219i strategii adaptate situa\u021biei dumneavoastr\u0103 specifice.<\/span><\/span><\/li>\n<\/ul>\n<ul>\n<li><span style=\"font-family: helvetica, arial, sans-serif;\"><strong style=\"line-height: 22px; color: var(--awb-color5);\" data-fusion-font=\"true\">Echip\u0103 Experimentat\u0103 \u0219i Specializat\u0103<\/strong><span style=\"line-height: 22px;\" data-fusion-font=\"true\"> \u2013 Avoca\u021bii no\u0219tri au expertiz\u0103 extins\u0103 \u00een multiple domenii ale dreptului, asigur\u00e2ndu-v\u0103 o reprezentare la cel mai \u00eenalt nivel.<\/span><\/span><\/li>\n<\/ul>\n<ul>\n<li><span style=\"font-family: helvetica, arial, sans-serif;\"><strong style=\"line-height: 22px; color: var(--awb-color5);\" data-fusion-font=\"true\">\u00cendrumare Clar\u0103 \u0219i Pragmatic\u0103<\/strong><span style=\"line-height: 22px;\" data-fusion-font=\"true\"> \u2013 Simplific\u0103m problemele juridice complexe, oferindu-v\u0103 <\/span><span style=\"line-height: 22px;\" data-fusion-font=\"true\"><span style=\"color: #414042;\">consiliere practic\u0103 \u0219i u\u0219or de \u00een\u021beles<\/span> <\/span><span style=\"line-height: 22px;\" data-fusion-font=\"true\">, astfel \u00eenc\u00e2t s\u0103 pute\u021bi lua decizii informate.<\/span><\/span><\/li>\n<\/ul>\n<ul>\n<li><span style=\"font-family: helvetica, arial, sans-serif;\"><strong style=\"line-height: 22px; color: var(--awb-color5);\" data-fusion-font=\"true\">Rezultate Dovedite<\/strong><span style=\"line-height: 22px;\" data-fusion-font=\"true\"> \u2013 Cu un istoric solid de rezolvare cu succes a cazurilor dintr-o gam\u0103 larg\u0103 de domenii juridice, reputa\u021bia noastr\u0103 vorbe\u0219te de la sine.<\/span><\/span><\/li>\n<\/ul>\n<ul>\n<li><span style=\"font-family: helvetica, arial, sans-serif;\"><strong style=\"line-height: 22px; color: var(--awb-color5);\" data-fusion-font=\"true\">Ap\u0103rare Ferm\u0103 a Drepturilor Dumneavoastr\u0103<\/strong><span style=\"line-height: 22px;\" data-fusion-font=\"true\"> \u2013 Fie \u00een negocieri, litigii sau proceduri judiciare, suntem <\/span><span style=\"line-height: 22px;\" data-fusion-font=\"true\">al\u0103turi de dumneavoastr\u0103<\/span><span style=\"line-height: 22px;\" data-fusion-font=\"true\">, protej\u00e2ndu-v\u0103 drepturile \u0219i interesele.<\/span><\/span><\/li>\n<\/ul>\n<\/div><\/div><\/div><div class=\"fusion-layout-column fusion_builder_column fusion-builder-column-6 fusion_builder_column_1_2 1_2 fusion-flex-column\" style=\"--awb-bg-size:cover;--awb-width-large:50%;--awb-margin-top-large:0px;--awb-spacing-right-large:3.84%;--awb-margin-bottom-large:20px;--awb-spacing-left-large:3.84%;--awb-width-medium:50%;--awb-order-medium:0;--awb-spacing-right-medium:3.84%;--awb-spacing-left-medium:3.84%;--awb-width-small:100%;--awb-order-small:0;--awb-spacing-right-small:1.92%;--awb-spacing-left-small:1.92%;\"><div class=\"fusion-column-wrapper fusion-column-has-shadow fusion-flex-justify-content-flex-start fusion-content-layout-column\"><div class=\"fusion-text fusion-text-5\"><p><span class=\"notion-enable-hover\" style=\"font-size: 24pt;\" data-token-index=\"0\"><b style=\"line-height: 1; color: var(--awb-color5);\" data-fusion-font=\"true\">Partener Juridic la Fiecare Pas<\/b><\/span><\/p>\n<p style=\"text-align: justify;\"><span style=\"font-family: helvetica, arial, sans-serif;\">At Forest &amp; Co Solicitors, we are not just legal professionals\u2014we are <span class=\"notion-enable-hover\" data-token-index=\"1\">partenerii dumneavoastr\u0103 \u00een navigarea provoc\u0103rilor juridice ale vie\u021bii.<\/span> Whether you are an individual seeking legal guidance or a business in need of strategic support, we are here to provide <span style=\"color: var(--awb-color4);\"><b>the expertise, clarity, and advocacy you deserve<\/b><\/span>.<\/span><\/p>\n<\/div><\/div><\/div><\/div><\/div><\/p>","protected":false},"excerpt":{"rendered":"","protected":false},"author":3,"featured_media":0,"parent":0,"menu_order":0,"comment_status":"closed","ping_status":"closed","template":"","meta":{"footnotes":""},"class_list":["post-36254","page","type-page","status-publish","hentry"],"yoast_head":"<!-- This site is optimized with the Yoast SEO plugin v27.4 - https:\/\/yoast.com\/product\/yoast-seo-wordpress\/ -->\n<title>THE FIRM - FCOS<\/title>\n<meta name=\"robots\" content=\"index, follow, max-snippet:-1, max-image-preview:large, max-video-preview:-1\" \/>\n<link rel=\"canonical\" href=\"https:\/\/fcos.co.uk\/ro\/our-firm\/\" \/>\n<meta property=\"og:locale\" content=\"ro_RO\" \/>\n<meta property=\"og:type\" content=\"article\" \/>\n<meta property=\"og:title\" content=\"THE FIRM - FCOS\" \/>\n<meta property=\"og:url\" content=\"https:\/\/fcos.co.uk\/ro\/our-firm\/\" \/>\n<meta property=\"og:site_name\" content=\"FCOS\" \/>\n<meta property=\"article:modified_time\" content=\"2026-03-26T10:07:19+00:00\" \/>\n<meta name=\"twitter:card\" content=\"summary_large_image\" \/>\n<meta name=\"twitter:label1\" content=\"Timp estimat pentru citire\" \/>\n\t<meta name=\"twitter:data1\" content=\"16 minute\" \/>\n<script type=\"application\/ld+json\" class=\"yoast-schema-graph\">{\"@context\":\"https:\\\/\\\/schema.org\",\"@graph\":[{\"@type\":\"WebPage\",\"@id\":\"https:\\\/\\\/fcos.co.uk\\\/our-firm\\\/\",\"url\":\"https:\\\/\\\/fcos.co.uk\\\/our-firm\\\/\",\"name\":\"THE FIRM - FCOS\",\"isPartOf\":{\"@id\":\"https:\\\/\\\/fcos.co.uk\\\/#website\"},\"datePublished\":\"2025-03-04T08:19:33+00:00\",\"dateModified\":\"2026-03-26T10:07:19+00:00\",\"breadcrumb\":{\"@id\":\"https:\\\/\\\/fcos.co.uk\\\/our-firm\\\/#breadcrumb\"},\"inLanguage\":\"ro-RO\",\"potentialAction\":[{\"@type\":\"ReadAction\",\"target\":[\"https:\\\/\\\/fcos.co.uk\\\/our-firm\\\/\"]}]},{\"@type\":\"BreadcrumbList\",\"@id\":\"https:\\\/\\\/fcos.co.uk\\\/our-firm\\\/#breadcrumb\",\"itemListElement\":[{\"@type\":\"ListItem\",\"position\":1,\"name\":\"Home\",\"item\":\"https:\\\/\\\/fcos.co.uk\\\/\"},{\"@type\":\"ListItem\",\"position\":2,\"name\":\"THE FIRM\"}]},{\"@type\":\"WebSite\",\"@id\":\"https:\\\/\\\/fcos.co.uk\\\/#website\",\"url\":\"https:\\\/\\\/fcos.co.uk\\\/\",\"name\":\"FCOS\",\"description\":\"London Legal Experts\",\"potentialAction\":[{\"@type\":\"SearchAction\",\"target\":{\"@type\":\"EntryPoint\",\"urlTemplate\":\"https:\\\/\\\/fcos.co.uk\\\/?s={search_term_string}\"},\"query-input\":{\"@type\":\"PropertyValueSpecification\",\"valueRequired\":true,\"valueName\":\"search_term_string\"}}],\"inLanguage\":\"ro-RO\"}]}<\/script>\n<!-- \/ Yoast SEO plugin. -->","yoast_head_json":{"title":"THE FIRM - FCOS","robots":{"index":"index","follow":"follow","max-snippet":"max-snippet:-1","max-image-preview":"max-image-preview:large","max-video-preview":"max-video-preview:-1"},"canonical":"https:\/\/fcos.co.uk\/ro\/our-firm\/","og_locale":"ro_RO","og_type":"article","og_title":"THE FIRM - FCOS","og_url":"https:\/\/fcos.co.uk\/ro\/our-firm\/","og_site_name":"FCOS","article_modified_time":"2026-03-26T10:07:19+00:00","twitter_card":"summary_large_image","twitter_misc":{"Timp estimat pentru citire":"16 minute"},"schema":{"@context":"https:\/\/schema.org","@graph":[{"@type":"WebPage","@id":"https:\/\/fcos.co.uk\/our-firm\/","url":"https:\/\/fcos.co.uk\/our-firm\/","name":"THE FIRM - FCOS","isPartOf":{"@id":"https:\/\/fcos.co.uk\/#website"},"datePublished":"2025-03-04T08:19:33+00:00","dateModified":"2026-03-26T10:07:19+00:00","breadcrumb":{"@id":"https:\/\/fcos.co.uk\/our-firm\/#breadcrumb"},"inLanguage":"ro-RO","potentialAction":[{"@type":"ReadAction","target":["https:\/\/fcos.co.uk\/our-firm\/"]}]},{"@type":"BreadcrumbList","@id":"https:\/\/fcos.co.uk\/our-firm\/#breadcrumb","itemListElement":[{"@type":"ListItem","position":1,"name":"Home","item":"https:\/\/fcos.co.uk\/"},{"@type":"ListItem","position":2,"name":"THE FIRM"}]},{"@type":"WebSite","@id":"https:\/\/fcos.co.uk\/#website","url":"https:\/\/fcos.co.uk\/","name":"FCOS","description":"London Legal Experts","potentialAction":[{"@type":"SearchAction","target":{"@type":"EntryPoint","urlTemplate":"https:\/\/fcos.co.uk\/?s={search_term_string}"},"query-input":{"@type":"PropertyValueSpecification","valueRequired":true,"valueName":"search_term_string"}}],"inLanguage":"ro-RO"}]}},"_links":{"self":[{"href":"https:\/\/fcos.co.uk\/ro\/wp-json\/wp\/v2\/pages\/36254","targetHints":{"allow":["GET"]}}],"collection":[{"href":"https:\/\/fcos.co.uk\/ro\/wp-json\/wp\/v2\/pages"}],"about":[{"href":"https:\/\/fcos.co.uk\/ro\/wp-json\/wp\/v2\/types\/page"}],"author":[{"embeddable":true,"href":"https:\/\/fcos.co.uk\/ro\/wp-json\/wp\/v2\/users\/3"}],"replies":[{"embeddable":true,"href":"https:\/\/fcos.co.uk\/ro\/wp-json\/wp\/v2\/comments?post=36254"}],"version-history":[{"count":48,"href":"https:\/\/fcos.co.uk\/ro\/wp-json\/wp\/v2\/pages\/36254\/revisions"}],"predecessor-version":[{"id":38289,"href":"https:\/\/fcos.co.uk\/ro\/wp-json\/wp\/v2\/pages\/36254\/revisions\/38289"}],"wp:attachment":[{"href":"https:\/\/fcos.co.uk\/ro\/wp-json\/wp\/v2\/media?parent=36254"}],"curies":[{"name":"wp","href":"https:\/\/api.w.org\/{rel}","templated":true}]}}