{"id":36999,"date":"2025-03-21T08:32:01","date_gmt":"2025-03-21T08:32:01","guid":{"rendered":"https:\/\/fcos.co.uk\/?page_id=36999"},"modified":"2026-03-20T13:21:31","modified_gmt":"2026-03-20T13:21:31","slug":"mihaela-padure","status":"publish","type":"page","link":"https:\/\/fcos.co.uk\/ro\/mihaela-padure\/","title":{"rendered":"MIHAELA P\u0102DURE"},"content":{"rendered":"<div class=\"fusion-fullwidth fullwidth-box fusion-builder-row-1 fusion-flex-container has-pattern-background has-mask-background nonhundred-percent-fullwidth non-hundred-percent-height-scrolling\" style=\"--awb-border-radius-top-left:0px;--awb-border-radius-top-right:0px;--awb-border-radius-bottom-right:0px;--awb-border-radius-bottom-left:0px;--awb-flex-wrap:wrap;\" ><div class=\"fusion-builder-row fusion-row fusion-flex-align-items-flex-start fusion-flex-justify-content-center fusion-flex-content-wrap\" style=\"max-width:1456px;margin-left: calc(-4% \/ 2 );margin-right: calc(-4% \/ 2 );\"><div class=\"fusion-layout-column fusion_builder_column fusion-builder-column-0 fusion_builder_column_1_4 1_4 fusion-flex-column\" style=\"--awb-bg-size:cover;--awb-width-large:25%;--awb-margin-top-large:0px;--awb-spacing-right-large:7.68%;--awb-margin-bottom-large:20px;--awb-spacing-left-large:7.68%;--awb-width-medium:25%;--awb-order-medium:0;--awb-spacing-right-medium:7.68%;--awb-spacing-left-medium:7.68%;--awb-width-small:100%;--awb-order-small:0;--awb-spacing-right-small:1.92%;--awb-spacing-left-small:1.92%;\"><div class=\"fusion-column-wrapper fusion-column-has-shadow fusion-flex-justify-content-flex-start fusion-content-layout-column\"><div class=\"fusion-image-element\" style=\"--awb-caption-title-font-family:var(--h2_typography-font-family);--awb-caption-title-font-weight:var(--h2_typography-font-weight);--awb-caption-title-font-style:var(--h2_typography-font-style);--awb-caption-title-size:var(--h2_typography-font-size);--awb-caption-title-transform:var(--h2_typography-text-transform);--awb-caption-title-line-height:var(--h2_typography-line-height);--awb-caption-title-letter-spacing:var(--h2_typography-letter-spacing);\"><span class=\"fusion-imageframe imageframe-none imageframe-1 hover-type-none\"><img decoding=\"async\" width=\"1520\" height=\"1856\" title=\"_DSF0352\" src=\"https:\/\/fcos.co.uk\/wp-content\/uploads\/2026\/03\/DSF0352-scaled-e1773759467124.jpg\" alt class=\"img-responsive wp-image-38147\" srcset=\"https:\/\/fcos.co.uk\/wp-content\/uploads\/2026\/03\/DSF0352-scaled-e1773759467124-200x244.jpg 200w, https:\/\/fcos.co.uk\/wp-content\/uploads\/2026\/03\/DSF0352-scaled-e1773759467124-400x488.jpg 400w, https:\/\/fcos.co.uk\/wp-content\/uploads\/2026\/03\/DSF0352-scaled-e1773759467124-600x733.jpg 600w, https:\/\/fcos.co.uk\/wp-content\/uploads\/2026\/03\/DSF0352-scaled-e1773759467124-800x977.jpg 800w, https:\/\/fcos.co.uk\/wp-content\/uploads\/2026\/03\/DSF0352-scaled-e1773759467124-1200x1465.jpg 1200w, https:\/\/fcos.co.uk\/wp-content\/uploads\/2026\/03\/DSF0352-scaled-e1773759467124.jpg 1520w\" sizes=\"(max-width: 640px) 100vw, 400px\" \/><\/span><\/div><\/div><\/div><div class=\"fusion-layout-column fusion_builder_column fusion-builder-column-1 fusion_builder_column_1_2 1_2 fusion-flex-column\" style=\"--awb-bg-size:cover;--awb-width-large:50%;--awb-margin-top-large:0px;--awb-spacing-right-large:3.84%;--awb-margin-bottom-large:20px;--awb-spacing-left-large:3.84%;--awb-width-medium:50%;--awb-order-medium:0;--awb-spacing-right-medium:3.84%;--awb-spacing-left-medium:3.84%;--awb-width-small:100%;--awb-order-small:0;--awb-spacing-right-small:1.92%;--awb-spacing-left-small:1.92%;\"><div class=\"fusion-column-wrapper fusion-column-has-shadow fusion-flex-justify-content-flex-start fusion-content-layout-column\"><div class=\"fusion-text fusion-text-1\"><h3 style=\"text-align: left;\">Mihaela P\u0103dure<\/h3>\n<p style=\"text-align: left;\"><span style=\"font-weight: 400; font-family: helvetica, arial, sans-serif;\">Mihaela este fondatoarea firmei de avocatur\u0103 Forest &amp; Co \u0219i are o carier\u0103 remarcabil\u0103 \u00een dreptul comercial \u0219i penal, \u00eenceput\u0103 \u00eenc\u0103 din anul 2002.<\/span><\/p>\n<p style=\"text-align: left;\"><span style=\"font-weight: 400; font-family: helvetica, arial, sans-serif;\">De la \u00eenfiin\u021barea firmei, a coordonat dezvoltarea acesteia, at\u00e2t din perspectiva extinderii echipei, c\u00e2t \u0219i a bazei de clien\u021bi. Recunoscut\u0103 pentru abilit\u0103\u021bile sale de negociere \u0219i pentru capacitatea de a construi rela\u021bii profesionale solide, Mihaela \u0219i-a construit o reputa\u021bie bazat\u0103 pe colaborarea eficient\u0103 cu clien\u021bi, avoca\u021bi, judec\u0103tori, autorit\u0103\u021bi publice \u0219i organiza\u021bii comerciale. Este un avocat discret, dar ferm, un sus\u021bin\u0103tor consecvent al intereselor clien\u021bilor s\u0103i \u0219i un strateg de \u00eencredere \u00een gestionarea situa\u021biilor juridice complexe.<\/span><\/p>\n<p style=\"text-align: left;\"><span style=\"font-weight: 400; font-family: helvetica, arial, sans-serif;\">Viziunea sa comercial\u0103 bine definit\u0103 \u0219i discern\u0103m\u00e2ntul tactic \u00een cauze penale o diferen\u021biaz\u0103 \u00een mod clar \u00een practica juridic\u0103. Sub conducerea sa, firma s-a dezvoltat \u00eentr-o practic\u0103 dinamic\u0103, orientat\u0103 c\u0103tre client, \u00een care excelen\u021ba \u00een serviciile oferite este sus\u021binut\u0103 de o echip\u0103 talentat\u0103.<\/span><\/p>\n<p style=\"text-align: left;\"><span style=\"font-family: helvetica, arial, sans-serif;\"><span style=\"font-weight: 400;\">Prin capacitatea de a gestiona at\u00e2t cauze civile, c\u00e2t \u0219i penale, firma se remarc\u0103 printr-un angajament constant fa\u021b\u0103 de satisfac\u021bia clien\u021bilor, oferind claritate, \u00eencredere \u0219i sprijin real \u00een momente dificile.<br \/>\n<\/span><span style=\"font-weight: 400;\">Dincolo de realiz\u0103rile sale profesionale, Mihaela este o mam\u0103 dedicat\u0103 \u0219i este implicat\u0103 activ \u00een ini\u021biative antreprenoriale, proiecte caritabile, activit\u0103\u021bi politice \u0219i ini\u021biative dedicate bun\u0103st\u0103rii.<\/span><\/span><\/p>\n<\/div><div class=\"fusion-separator fusion-full-width-sep\" style=\"align-self: center;margin-left: auto;margin-right: auto;margin-top:25px;margin-bottom:25px;width:100%;\"><\/div><div class=\"fusion-testimonials classic awb-speech-bubble-show fusion-testimonials-1\" style=\"--awb-textcolor:var(--awb-color8);--awb-testimonial-text-font-size:var(--awb-typography4-font-size);--awb-testimonial-text-line-height:var(--awb-typography4-line-height);--awb-testimonial-text-letter-spacing:var(--awb-typography4-letter-spacing);--awb-testimonial-text-text-transform:var(--awb-typography4-text-transform);--awb-backgroundcolor:var(--awb-color1);--awb-testimonial-border-style:solid;--awb-testimonial-border-color:var(--awb-color3);--awb-navigation-size:12px;--awb-border-top-left-radius:0px;--awb-border-top-right-radius:0px;--awb-border-bottom-left-radius:0px;--awb-border-bottom-right-radius:0px;--testimonial-border-width-top:0px;--testimonial-border-width-right:0px;--testimonial-border-width-bottom:0px;--testimonial-border-width-left:0px;--awb-testimonial-text-font-family:var(--awb-typography4-font-family);--awb-testimonial-text-font-weight:var(--awb-typography4-font-weight);--awb-testimonial-text-font-style:var(--awb-typography4-font-style);\" data-random=\"0\" data-speed=\"0\"><div class=\"reviews\"><div class=\"review active-testimonial alignment-left no-avatar\"><blockquote><div class=\"awb-quote\"><div class=\"awb-quote-content\">\n<p><em>\u201cI cannot speak highly enough of the exceptional service I received from Forest &amp; Co Solicitors and the Director, Mihaela Padure. From the beginning, they demonstrated outstanding professionalism, a clear commitment to achieving the best outcome, and an unwavering focus on my case. They consistently kept me informed at every stage, ensured I fully understood the progress and the next steps, which gave me tremendous peace of mind throughout the entirety of my case.\u201d<\/em><\/p>\n<\/div><\/div><span class=\"awb-triangle\"><\/span><\/blockquote><div class=\"author\"><span class=\"company-name\"><\/span><\/div><\/div><div class=\"review alignment-left no-avatar\"><blockquote><div class=\"awb-quote\"><div class=\"awb-quote-content\">\n<p><em>\u201cWhat truly set Mihaela Padure apart was their personalised approach and genuine care for my case. I never felt like just another client; Mihaela Padure was always attentive and responsive, ensuring that I was well-informed and comfortable with every decision.\u201d<\/em><\/p>\n<\/div><\/div><span class=\"awb-triangle\"><\/span><\/blockquote><div class=\"author\"><span class=\"company-name\"><\/span><\/div><\/div><div class=\"review alignment-left no-avatar\"><blockquote><div class=\"awb-quote\"><div class=\"awb-quote-content\">\n<p><em><strong>\u201c<\/strong>A big thank you to Forest and Co, especially to Mihaela P\u0103dure who treated me with so much kindness and care. She took her time to listen to my story and didn&#8217;t feel rushed or unimportant at any point. The problem I had was solved with promptitude and great professionalism. I loved the fact that she was keeping me updated every step of the way. I highly recommend them. Thanks again for all your services Forest and Co!!!\u201d<\/em><\/p>\n<\/div><\/div><span class=\"awb-triangle\"><\/span><\/blockquote><div class=\"author\"><span class=\"company-name\"><\/span><\/div><\/div><\/div><div class=\"testimonial-pagination\" id=\"fusion-testimonials-1\"><a href=\"#\" aria-label=\"Testimonial Pagination\"  class=\"activeSlide\"><\/a><a href=\"#\" aria-label=\"Testimonial Pagination\" ><\/a><a href=\"#\" aria-label=\"Testimonial Pagination\" ><\/a><\/div><\/div><\/div><\/div><div class=\"fusion-layout-column fusion_builder_column fusion-builder-column-2 fusion_builder_column_1_4 1_4 fusion-flex-column\" style=\"--awb-bg-size:cover;--awb-width-large:25%;--awb-margin-top-large:0px;--awb-spacing-right-large:7.68%;--awb-margin-bottom-large:20px;--awb-spacing-left-large:7.68%;--awb-width-medium:25%;--awb-order-medium:0;--awb-spacing-right-medium:7.68%;--awb-spacing-left-medium:7.68%;--awb-width-small:100%;--awb-order-small:0;--awb-spacing-right-small:1.92%;--awb-spacing-left-small:1.92%;\"><div class=\"fusion-column-wrapper fusion-column-has-shadow fusion-flex-justify-content-flex-start fusion-content-layout-column\"><nav class=\"awb-menu awb-menu_column awb-menu_em-hover mobile-mode-always-expanded awb-menu_icons-left awb-menu_dc-yes mobile-trigger-fullwidth-off awb-menu_mobile-toggle awb-menu_indent-left loading mega-menu-loading awb-menu_desktop awb-menu_dropdown awb-menu_expand-right awb-menu_transition-fade\" style=\"--awb-font-size:18px;--awb-line-height:var(--awb-typography4-line-height);--awb-text-transform:var(--awb-typography4-text-transform);--awb-letter-spacing:var(--awb-typography4-letter-spacing);--awb-active-color:var(--awb-color4);--awb-main-justify-content:flex-start;--awb-mobile-justify:flex-start;--awb-mobile-caret-left:auto;--awb-mobile-caret-right:0;--awb-fusion-font-family-typography:var(--awb-typography4-font-family);--awb-fusion-font-weight-typography:var(--awb-typography4-font-weight);--awb-fusion-font-style-typography:var(--awb-typography4-font-style);--awb-fusion-font-family-submenu-typography:inherit;--awb-fusion-font-style-submenu-typography:normal;--awb-fusion-font-weight-submenu-typography:400;--awb-fusion-font-family-mobile-typography:inherit;--awb-fusion-font-style-mobile-typography:normal;--awb-fusion-font-weight-mobile-typography:400;\" aria-label=\"TEAM\" data-breakpoint=\"1024\" data-count=\"0\" data-transition-type=\"fade\" data-transition-time=\"300\" data-expand=\"right\"><button type=\"button\" class=\"awb-menu__m-toggle awb-menu__m-toggle_no-text\" aria-expanded=\"false\" aria-controls=\"menu-team\"><span class=\"awb-menu__m-toggle-inner\"><span class=\"collapsed-nav-text\"><span class=\"screen-reader-text\">Toggle Navigation<\/span><\/span><span class=\"awb-menu__m-collapse-icon awb-menu__m-collapse-icon_no-text\"><span class=\"awb-menu__m-collapse-icon-open awb-menu__m-collapse-icon-open_no-text fa-bars fas\"><\/span><span class=\"awb-menu__m-collapse-icon-close awb-menu__m-collapse-icon-close_no-text fa-times fas\"><\/span><\/span><\/span><\/button><ul id=\"menu-team\" class=\"fusion-menu awb-menu__main-ul awb-menu__main-ul_column\"><li  id=\"menu-item-37014\"  class=\"menu-item menu-item-type-post_type menu-item-object-page menu-item-37014 awb-menu__li awb-menu__main-li awb-menu__main-li_regular\"  data-item-id=\"37014\"><span class=\"awb-menu__main-background-default awb-menu__main-background-default_fade\"><\/span><span class=\"awb-menu__main-background-active awb-menu__main-background-active_fade\"><\/span><a  href=\"https:\/\/fcos.co.uk\/ro\/mihaela-padure\/\" class=\"awb-menu__main-a awb-menu__main-a_regular\"><span class=\"menu-text\">MIHAELA P\u0102DURE<\/span><\/a><\/li><li  id=\"menu-item-37032\"  class=\"menu-item menu-item-type-post_type menu-item-object-page menu-item-37032 awb-menu__li awb-menu__main-li awb-menu__main-li_regular\"  data-item-id=\"37032\"><span class=\"awb-menu__main-background-default awb-menu__main-background-default_fade\"><\/span><span class=\"awb-menu__main-background-active awb-menu__main-background-active_fade\"><\/span><a  href=\"https:\/\/fcos.co.uk\/ro\/sandra-zaulet\/\" class=\"awb-menu__main-a awb-menu__main-a_regular\"><span class=\"menu-text\">SANDRA ZAULET<\/span><\/a><\/li><li  id=\"menu-item-37355\"  class=\"menu-item menu-item-type-post_type menu-item-object-page menu-item-37355 awb-menu__li awb-menu__main-li awb-menu__main-li_regular\"  data-item-id=\"37355\"><span class=\"awb-menu__main-background-default awb-menu__main-background-default_fade\"><\/span><span class=\"awb-menu__main-background-active awb-menu__main-background-active_fade\"><\/span><a  href=\"https:\/\/fcos.co.uk\/ro\/nicoleta-isaila\/\" class=\"awb-menu__main-a awb-menu__main-a_regular\"><span class=\"menu-text\">NICOLETA ISAIL\u0102<\/span><\/a><\/li><li  id=\"menu-item-37666\"  class=\"menu-item menu-item-type-post_type menu-item-object-page menu-item-37666 awb-menu__li awb-menu__main-li awb-menu__main-li_regular\"  data-item-id=\"37666\"><span class=\"awb-menu__main-background-default awb-menu__main-background-default_fade\"><\/span><span class=\"awb-menu__main-background-active awb-menu__main-background-active_fade\"><\/span><a  href=\"https:\/\/fcos.co.uk\/ro\/eleonora-sorodoc\/\" class=\"awb-menu__main-a awb-menu__main-a_regular\"><span class=\"menu-text\">ELEONORA SORODOC<\/span><\/a><\/li><li  id=\"menu-item-37665\"  class=\"menu-item menu-item-type-post_type menu-item-object-page menu-item-37665 awb-menu__li awb-menu__main-li awb-menu__main-li_regular\"  data-item-id=\"37665\"><span class=\"awb-menu__main-background-default awb-menu__main-background-default_fade\"><\/span><span class=\"awb-menu__main-background-active awb-menu__main-background-active_fade\"><\/span><a  href=\"https:\/\/fcos.co.uk\/ro\/mihai-luchici\/\" class=\"awb-menu__main-a awb-menu__main-a_regular\"><span class=\"menu-text\">MIHAI LUCHICI<\/span><\/a><\/li><li  id=\"menu-item-37523\"  class=\"menu-item menu-item-type-post_type menu-item-object-page menu-item-37523 awb-menu__li awb-menu__main-li awb-menu__main-li_regular\"  data-item-id=\"37523\"><span class=\"awb-menu__main-background-default awb-menu__main-background-default_fade\"><\/span><span class=\"awb-menu__main-background-active awb-menu__main-background-active_fade\"><\/span><a  href=\"https:\/\/fcos.co.uk\/ro\/bianca-viciu\/\" class=\"awb-menu__main-a awb-menu__main-a_regular\"><span class=\"menu-text\">BIANCA VICIU<\/span><\/a><\/li><li  id=\"menu-item-38007\"  class=\"menu-item menu-item-type-post_type menu-item-object-page menu-item-38007 awb-menu__li awb-menu__main-li awb-menu__main-li_regular\"  data-item-id=\"38007\"><span class=\"awb-menu__main-background-default awb-menu__main-background-default_fade\"><\/span><span class=\"awb-menu__main-background-active awb-menu__main-background-active_fade\"><\/span><a  href=\"https:\/\/fcos.co.uk\/ro\/rokhsareh-vahid\/\" class=\"awb-menu__main-a awb-menu__main-a_regular\"><span class=\"menu-text\">ROKHSAREH VAHID<\/span><\/a><\/li><li  id=\"menu-item-38014\"  class=\"menu-item menu-item-type-post_type menu-item-object-page menu-item-38014 awb-menu__li awb-menu__main-li awb-menu__main-li_regular\"  data-item-id=\"38014\"><span class=\"awb-menu__main-background-default awb-menu__main-background-default_fade\"><\/span><span class=\"awb-menu__main-background-active awb-menu__main-background-active_fade\"><\/span><a  href=\"https:\/\/fcos.co.uk\/ro\/victoria-ten\/\" class=\"awb-menu__main-a awb-menu__main-a_regular\"><span class=\"menu-text\">VICTORIA TEN<\/span><\/a><\/li><\/ul><\/nav><\/div><\/div><\/div><\/div>","protected":false},"excerpt":{"rendered":"","protected":false},"author":3,"featured_media":0,"parent":0,"menu_order":0,"comment_status":"closed","ping_status":"closed","template":"","meta":{"footnotes":""},"class_list":["post-36999","page","type-page","status-publish","hentry"],"yoast_head":"<!-- This site is optimized with the Yoast SEO plugin v27.4 - https:\/\/yoast.com\/product\/yoast-seo-wordpress\/ -->\n<title>Mihaela P\u0103dure | Forest &amp; Co Solicitors<\/title>\n<meta name=\"description\" content=\"Mihaela P\u0103dure, Founder and Solicitor, is experienced in commercial and criminal law, delivering strategic representation in complex legal matters.\" \/>\n<meta name=\"robots\" content=\"index, follow, max-snippet:-1, max-image-preview:large, max-video-preview:-1\" \/>\n<link rel=\"canonical\" href=\"https:\/\/fcos.co.uk\/ro\/mihaela-padure\/\" \/>\n<meta property=\"og:locale\" content=\"ro_RO\" \/>\n<meta property=\"og:type\" content=\"article\" \/>\n<meta property=\"og:title\" content=\"Mihaela P\u0103dure | Forest &amp; Co Solicitors\" \/>\n<meta property=\"og:description\" content=\"Mihaela P\u0103dure, Founder and Solicitor, is experienced in commercial and criminal law, delivering strategic representation in complex legal matters.\" \/>\n<meta property=\"og:url\" content=\"https:\/\/fcos.co.uk\/ro\/mihaela-padure\/\" \/>\n<meta property=\"og:site_name\" content=\"FCOS\" \/>\n<meta property=\"article:modified_time\" content=\"2026-03-20T13:21:31+00:00\" \/>\n<meta property=\"og:image\" content=\"https:\/\/fcos.co.uk\/wp-content\/uploads\/2026\/03\/DSF0352-scaled-e1773759467124.jpg\" \/>\n\t<meta property=\"og:image:width\" content=\"1520\" \/>\n\t<meta property=\"og:image:height\" content=\"1856\" \/>\n\t<meta property=\"og:image:type\" content=\"image\/jpeg\" \/>\n<meta name=\"twitter:card\" content=\"summary_large_image\" \/>\n<meta name=\"twitter:label1\" content=\"Timp estimat pentru citire\" \/>\n\t<meta name=\"twitter:data1\" content=\"2 minute\" \/>\n<script type=\"application\/ld+json\" class=\"yoast-schema-graph\">{\"@context\":\"https:\\\/\\\/schema.org\",\"@graph\":[{\"@type\":\"WebPage\",\"@id\":\"https:\\\/\\\/fcos.co.uk\\\/mihaela-padure\\\/\",\"url\":\"https:\\\/\\\/fcos.co.uk\\\/mihaela-padure\\\/\",\"name\":\"Mihaela P\u0103dure | Forest & Co Solicitors\",\"isPartOf\":{\"@id\":\"https:\\\/\\\/fcos.co.uk\\\/#website\"},\"datePublished\":\"2025-03-21T08:32:01+00:00\",\"dateModified\":\"2026-03-20T13:21:31+00:00\",\"description\":\"Mihaela P\u0103dure, Founder and Solicitor, is experienced in commercial and criminal law, delivering strategic representation in complex legal matters.\",\"breadcrumb\":{\"@id\":\"https:\\\/\\\/fcos.co.uk\\\/mihaela-padure\\\/#breadcrumb\"},\"inLanguage\":\"ro-RO\",\"potentialAction\":[{\"@type\":\"ReadAction\",\"target\":[\"https:\\\/\\\/fcos.co.uk\\\/mihaela-padure\\\/\"]}]},{\"@type\":\"BreadcrumbList\",\"@id\":\"https:\\\/\\\/fcos.co.uk\\\/mihaela-padure\\\/#breadcrumb\",\"itemListElement\":[{\"@type\":\"ListItem\",\"position\":1,\"name\":\"Home\",\"item\":\"https:\\\/\\\/fcos.co.uk\\\/\"},{\"@type\":\"ListItem\",\"position\":2,\"name\":\"MIHAELA P\u0102DURE\"}]},{\"@type\":\"WebSite\",\"@id\":\"https:\\\/\\\/fcos.co.uk\\\/#website\",\"url\":\"https:\\\/\\\/fcos.co.uk\\\/\",\"name\":\"FCOS\",\"description\":\"London Legal Experts\",\"potentialAction\":[{\"@type\":\"SearchAction\",\"target\":{\"@type\":\"EntryPoint\",\"urlTemplate\":\"https:\\\/\\\/fcos.co.uk\\\/?s={search_term_string}\"},\"query-input\":{\"@type\":\"PropertyValueSpecification\",\"valueRequired\":true,\"valueName\":\"search_term_string\"}}],\"inLanguage\":\"ro-RO\"}]}<\/script>\n<!-- \/ Yoast SEO plugin. -->","yoast_head_json":{"title":"Mihaela P\u0103dure | Forest & Co Solicitors","description":"Mihaela P\u0103dure, Founder and Solicitor, is experienced in commercial and criminal law, delivering strategic representation in complex legal matters.","robots":{"index":"index","follow":"follow","max-snippet":"max-snippet:-1","max-image-preview":"max-image-preview:large","max-video-preview":"max-video-preview:-1"},"canonical":"https:\/\/fcos.co.uk\/ro\/mihaela-padure\/","og_locale":"ro_RO","og_type":"article","og_title":"Mihaela P\u0103dure | Forest & Co Solicitors","og_description":"Mihaela P\u0103dure, Founder and Solicitor, is experienced in commercial and criminal law, delivering strategic representation in complex legal matters.","og_url":"https:\/\/fcos.co.uk\/ro\/mihaela-padure\/","og_site_name":"FCOS","article_modified_time":"2026-03-20T13:21:31+00:00","og_image":[{"width":1520,"height":1856,"url":"https:\/\/fcos.co.uk\/wp-content\/uploads\/2026\/03\/DSF0352-scaled-e1773759467124.jpg","type":"image\/jpeg"}],"twitter_card":"summary_large_image","twitter_misc":{"Timp estimat pentru citire":"2 minute"},"schema":{"@context":"https:\/\/schema.org","@graph":[{"@type":"WebPage","@id":"https:\/\/fcos.co.uk\/mihaela-padure\/","url":"https:\/\/fcos.co.uk\/mihaela-padure\/","name":"Mihaela P\u0103dure | Forest & Co Solicitors","isPartOf":{"@id":"https:\/\/fcos.co.uk\/#website"},"datePublished":"2025-03-21T08:32:01+00:00","dateModified":"2026-03-20T13:21:31+00:00","description":"Mihaela P\u0103dure, Founder and Solicitor, is experienced in commercial and criminal law, delivering strategic representation in complex legal matters.","breadcrumb":{"@id":"https:\/\/fcos.co.uk\/mihaela-padure\/#breadcrumb"},"inLanguage":"ro-RO","potentialAction":[{"@type":"ReadAction","target":["https:\/\/fcos.co.uk\/mihaela-padure\/"]}]},{"@type":"BreadcrumbList","@id":"https:\/\/fcos.co.uk\/mihaela-padure\/#breadcrumb","itemListElement":[{"@type":"ListItem","position":1,"name":"Home","item":"https:\/\/fcos.co.uk\/"},{"@type":"ListItem","position":2,"name":"MIHAELA P\u0102DURE"}]},{"@type":"WebSite","@id":"https:\/\/fcos.co.uk\/#website","url":"https:\/\/fcos.co.uk\/","name":"FCOS","description":"London Legal Experts","potentialAction":[{"@type":"SearchAction","target":{"@type":"EntryPoint","urlTemplate":"https:\/\/fcos.co.uk\/?s={search_term_string}"},"query-input":{"@type":"PropertyValueSpecification","valueRequired":true,"valueName":"search_term_string"}}],"inLanguage":"ro-RO"}]}},"_links":{"self":[{"href":"https:\/\/fcos.co.uk\/ro\/wp-json\/wp\/v2\/pages\/36999","targetHints":{"allow":["GET"]}}],"collection":[{"href":"https:\/\/fcos.co.uk\/ro\/wp-json\/wp\/v2\/pages"}],"about":[{"href":"https:\/\/fcos.co.uk\/ro\/wp-json\/wp\/v2\/types\/page"}],"author":[{"embeddable":true,"href":"https:\/\/fcos.co.uk\/ro\/wp-json\/wp\/v2\/users\/3"}],"replies":[{"embeddable":true,"href":"https:\/\/fcos.co.uk\/ro\/wp-json\/wp\/v2\/comments?post=36999"}],"version-history":[{"count":34,"href":"https:\/\/fcos.co.uk\/ro\/wp-json\/wp\/v2\/pages\/36999\/revisions"}],"predecessor-version":[{"id":38250,"href":"https:\/\/fcos.co.uk\/ro\/wp-json\/wp\/v2\/pages\/36999\/revisions\/38250"}],"wp:attachment":[{"href":"https:\/\/fcos.co.uk\/ro\/wp-json\/wp\/v2\/media?parent=36999"}],"curies":[{"name":"wp","href":"https:\/\/api.w.org\/{rel}","templated":true}]}}