{"id":37027,"date":"2025-03-21T13:26:08","date_gmt":"2025-03-21T13:26:08","guid":{"rendered":"https:\/\/fcos.co.uk\/?page_id=37027"},"modified":"2026-03-20T13:22:22","modified_gmt":"2026-03-20T13:22:22","slug":"sandra-zaulet","status":"publish","type":"page","link":"https:\/\/fcos.co.uk\/ro\/sandra-zaulet\/","title":{"rendered":"SANDRA ZAULET"},"content":{"rendered":"<div class=\"fusion-fullwidth fullwidth-box fusion-builder-row-1 fusion-flex-container has-pattern-background has-mask-background nonhundred-percent-fullwidth non-hundred-percent-height-scrolling\" style=\"--awb-border-radius-top-left:0px;--awb-border-radius-top-right:0px;--awb-border-radius-bottom-right:0px;--awb-border-radius-bottom-left:0px;--awb-flex-wrap:wrap;\" ><div class=\"fusion-builder-row fusion-row fusion-flex-align-items-flex-start fusion-flex-justify-content-center fusion-flex-content-wrap\" style=\"max-width:1456px;margin-left: calc(-4% \/ 2 );margin-right: calc(-4% \/ 2 );\"><div class=\"fusion-layout-column fusion_builder_column fusion-builder-column-0 fusion_builder_column_1_4 1_4 fusion-flex-column\" style=\"--awb-bg-size:cover;--awb-width-large:25%;--awb-margin-top-large:0px;--awb-spacing-right-large:7.68%;--awb-margin-bottom-large:20px;--awb-spacing-left-large:7.68%;--awb-width-medium:25%;--awb-order-medium:0;--awb-spacing-right-medium:7.68%;--awb-spacing-left-medium:7.68%;--awb-width-small:100%;--awb-order-small:0;--awb-spacing-right-small:1.92%;--awb-spacing-left-small:1.92%;\"><div class=\"fusion-column-wrapper fusion-column-has-shadow fusion-flex-justify-content-flex-start fusion-content-layout-column\"><div class=\"fusion-image-element\" style=\"--awb-caption-title-font-family:var(--h2_typography-font-family);--awb-caption-title-font-weight:var(--h2_typography-font-weight);--awb-caption-title-font-style:var(--h2_typography-font-style);--awb-caption-title-size:var(--h2_typography-font-size);--awb-caption-title-transform:var(--h2_typography-text-transform);--awb-caption-title-line-height:var(--h2_typography-line-height);--awb-caption-title-letter-spacing:var(--h2_typography-letter-spacing);\"><span class=\"fusion-imageframe imageframe-none imageframe-1 hover-type-none\"><img decoding=\"async\" width=\"1525\" height=\"1858\" title=\"Sandra profile\" src=\"https:\/\/fcos.co.uk\/wp-content\/uploads\/2026\/03\/Sandra-profile-e1773759667395.png\" alt class=\"img-responsive wp-image-38148\" srcset=\"https:\/\/fcos.co.uk\/wp-content\/uploads\/2026\/03\/Sandra-profile-e1773759667395-200x244.png 200w, https:\/\/fcos.co.uk\/wp-content\/uploads\/2026\/03\/Sandra-profile-e1773759667395-400x487.png 400w, https:\/\/fcos.co.uk\/wp-content\/uploads\/2026\/03\/Sandra-profile-e1773759667395-600x731.png 600w, https:\/\/fcos.co.uk\/wp-content\/uploads\/2026\/03\/Sandra-profile-e1773759667395-800x975.png 800w, https:\/\/fcos.co.uk\/wp-content\/uploads\/2026\/03\/Sandra-profile-e1773759667395-1200x1462.png 1200w, https:\/\/fcos.co.uk\/wp-content\/uploads\/2026\/03\/Sandra-profile-e1773759667395.png 1525w\" sizes=\"(max-width: 640px) 100vw, 400px\" \/><\/span><\/div><\/div><\/div><div class=\"fusion-layout-column fusion_builder_column fusion-builder-column-1 fusion_builder_column_1_2 1_2 fusion-flex-column\" style=\"--awb-bg-size:cover;--awb-width-large:50%;--awb-margin-top-large:0px;--awb-spacing-right-large:3.84%;--awb-margin-bottom-large:20px;--awb-spacing-left-large:3.84%;--awb-width-medium:50%;--awb-order-medium:0;--awb-spacing-right-medium:3.84%;--awb-spacing-left-medium:3.84%;--awb-width-small:100%;--awb-order-small:0;--awb-spacing-right-small:1.92%;--awb-spacing-left-small:1.92%;\"><div class=\"fusion-column-wrapper fusion-column-has-shadow fusion-flex-justify-content-flex-start fusion-content-layout-column\"><div class=\"fusion-text fusion-text-1\"><h3 style=\"text-align: justify;\"><strong>Sandra Zaulet<\/strong><\/h3>\n<p style=\"text-align: left;\"><span style=\"font-family: helvetica, arial, sans-serif;\"><span style=\"font-weight: 400;\">Sandra has been working with us since we incorporated Forest &amp; Co. She has been dealing with a broad range of cases, particularly in the fields of Criminal Law, Immigration Law, Family Law and Civil Litigation.<\/span><\/span><\/p>\n<p style=\"text-align: left;\"><span style=\"font-family: helvetica, arial, sans-serif;\"><span style=\"font-weight: 400;\">Sandra specialises in Family and Criminal Law and is particularly renowned for her exceptional client care skills and her representation of vulnerable individuals.<\/span><\/span><\/p>\n<h5 style=\"text-align: left;\"><strong> Dreptul Familiei <\/strong><\/h5>\n<p style=\"text-align: left;\"><span style=\"font-family: helvetica, arial, sans-serif;\"><span style=\"font-weight: 400;\">Sandra are o experien\u021b\u0103 extins\u0103 \u00een proceduri privind stabilirea aranjamentelor pentru copii, inclusiv \u00een cadrul audierilor finale, al audierilor de tip fact-finding \u0219i al procedurilor pentru ob\u021binerea ordinelor de protec\u021bie (Non-Molestation Orders). Experien\u021ba sa \u00een litigii, imigra\u021bie \u0219i drept penal \u00eei permite s\u0103 ofere o abordare riguroas\u0103 \u0219i bine fundamentat\u0103 \u00een cauze complexe. Este apreciat\u0103 \u00een mod deosebit pentru abordarea sa empatic\u0103, dublat\u0103 de o prezen\u021b\u0103 ferm\u0103 \u00een instan\u021b\u0103, orientat\u0103 c\u0103tre ob\u021binerea celor mai bune rezultate pentru clien\u021bii s\u0103i. <\/span><span style=\"font-weight: 400;\">Sandra is continually enhancing her expertise through ongoing training in family mediation and parental alienation, while also pursuing qualifications in both family and criminal law. Her dedication to professional development ensures she remains at the forefront of legal practice in these areas.<\/span><\/span><\/p>\n<h5 style=\"text-align: left;\"><strong> Drept Penal<\/strong><\/h5>\n<p style=\"text-align: left;\"><span style=\"font-family: helvetica, arial, sans-serif;\"><span style=\"font-weight: 400;\">Sandra este un avocat cu experien\u021b\u0103, a c\u0103rui activitate acoper\u0103 o gam\u0103 variat\u0103 de aspecte din dreptul penal. De-a lungul timpului, \u0219i-a dezvoltat o practic\u0103 solid\u0103 \u00een domeniul ap\u0103r\u0103rii penale, fiind implicat\u0103 \u00een mod constant \u00een cauze privind infrac\u021biuni de violen\u021b\u0103 grav\u0103, infrac\u021biuni de natur\u0103 sexual\u0103, furturi semnificative \u0219i infrac\u021biuni rutiere. Pe parcursul activit\u0103\u021bii sale \u00een cadrul firmei, Sandra a ob\u021binut rezultate remarcabile pentru clien\u021bii s\u0103i. <\/span><span style=\"font-weight: 400;\">Abilit\u0103\u021bile sale solide de comunicare \u00eei permit s\u0103 rela\u021bioneze eficient cu persoane din medii diverse, asigur\u00e2ndu-se c\u0103 cei pe care \u00eei reprezint\u0103 \u00een\u021beleg pe deplin toate etapele procedurilor \u0219i au \u00eencrederea c\u0103 sunt sus\u021binu\u021bi pe tot parcursul acestora.<\/span><\/span><\/p>\n<h5 style=\"text-align: left;\"><strong> Abordarea Profesional\u0103<\/strong><\/h5>\n<p style=\"text-align: left;\"><span style=\"font-family: helvetica, arial, sans-serif;\"><span style=\"font-weight: 400;\">Sandra este apreciat\u0103 \u00een mod deosebit pentru angajamentul s\u0103u constant fa\u021b\u0103 de clien\u021bi, pentru abordarea sa atent\u0103 \u0219i pentru capacitatea de a gestiona chiar \u0219i cele mai dificile cazuri cu profesionalism \u0219i echilibru. Recunoscut\u0103 pentru calitatea rela\u021biei cu clien\u021bii, are o abilitate remarcabil\u0103 de a construi rela\u021bii solide \u0219i de \u00eencredere cu cei pe care \u00eei reprezint\u0103. Adept\u0103 a dezvolt\u0103rii profesionale continue, Sandra colaboreaz\u0103 frecvent cu practicieni ai dreptului din alte jurisdic\u021bii.<\/span><span style=\"font-weight: 400;\"> \u0219i particip\u0103 la audieri \u00een alte jurisdic\u021bii pentru a-\u0219i extinde expertiza \u0219i a dob\u00e2ndi o perspectiv\u0103 interna\u021bional\u0103.<\/span><\/span><\/p>\n<\/div><div class=\"fusion-separator fusion-full-width-sep\" style=\"align-self: center;margin-left: auto;margin-right: auto;margin-top:25px;margin-bottom:25px;width:100%;\"><\/div><div class=\"fusion-testimonials classic awb-speech-bubble-show fusion-testimonials-1\" style=\"--awb-textcolor:var(--awb-color8);--awb-testimonial-text-font-size:var(--awb-typography4-font-size);--awb-testimonial-text-line-height:var(--awb-typography4-line-height);--awb-testimonial-text-letter-spacing:var(--awb-typography4-letter-spacing);--awb-testimonial-text-text-transform:var(--awb-typography4-text-transform);--awb-backgroundcolor:var(--awb-color1);--awb-testimonial-border-style:solid;--awb-testimonial-border-color:var(--awb-color3);--awb-navigation-size:12px;--awb-border-top-left-radius:0px;--awb-border-top-right-radius:0px;--awb-border-bottom-left-radius:0px;--awb-border-bottom-right-radius:0px;--testimonial-border-width-top:0px;--testimonial-border-width-right:0px;--testimonial-border-width-bottom:0px;--testimonial-border-width-left:0px;--awb-testimonial-text-font-family:var(--awb-typography4-font-family);--awb-testimonial-text-font-weight:var(--awb-typography4-font-weight);--awb-testimonial-text-font-style:var(--awb-typography4-font-style);\" data-random=\"0\" data-speed=\"0\"><div class=\"reviews\"><div class=\"review active-testimonial alignment-left no-avatar\"><blockquote><div class=\"awb-quote\"><div class=\"awb-quote-content\">\n<p><em>\u201eAm avut privilegiul de a lucra cu Sandra Z\u0103ulet \u0219i pot spune cu \u00eencredere c\u0103 este un avocat excep\u021bional. \u00cenc\u0103 de la \u00eenceput, Sandra a demonstrat o cunoa\u0219tere aprofundat\u0103 a legii \u0219i o \u00een\u021belegere clar\u0103 a situa\u021biei mele. Profesionalismul \u0219i dedicarea sa au fost evidente pe tot parcursul procesului. Nu doar c\u0103 mi-a oferit asisten\u021b\u0103 juridic\u0103 de specialitate, dar m-a \u0219i sus\u021binut \u0219i \u00eencurajat la fiecare pas.\u201d<\/em><\/p>\n<\/div><\/div><span class=\"awb-triangle\"><\/span><\/blockquote><div class=\"author\"><span class=\"company-name\"><\/span><\/div><\/div><div class=\"review alignment-left no-avatar\"><blockquote><div class=\"awb-quote\"><div class=\"awb-quote-content\">\n<p><em>\u201eDoresc s\u0103 \u00eei mul\u021bumesc \u00een mod special Sandrei Z\u0103ulet, care a f\u0103cut mult mai mult dec\u00e2t era necesar pentru a m\u0103 ajuta. A fost \u00eentotdeauna disponibil\u0103 pentru a-mi r\u0103spunde la \u00eentreb\u0103ri, oferindu-mi \u00eencredere \u0219i claritate chiar \u0219i atunci c\u00e2nd sim\u021beam c\u0103 nu mai exist\u0103 nicio speran\u021b\u0103. Abordarea sa calm\u0103 \u0219i empatic\u0103, al\u0103turi de cuno\u0219tin\u021bele sale juridice solide, au f\u0103cut cu adev\u0103rat diferen\u021ba. Dedicarea, profesionalismul \u0219i grija autentic\u0103 fa\u021b\u0103 de clien\u021bi sunt cu adev\u0103rat de apreciat.\u201d<\/em><\/p>\n<\/div><\/div><span class=\"awb-triangle\"><\/span><\/blockquote><div class=\"author\"><span class=\"company-name\"><\/span><\/div><\/div><div class=\"review alignment-left no-avatar\"><blockquote><div class=\"awb-quote\"><div class=\"awb-quote-content\">\n<p><em>\u201eDomni\u0219oara Z\u0103ulet este foarte profesionist\u0103, amabil\u0103 \u0219i \u00een\u021beleg\u0103toare \u0219i ofer\u0103 sfaturi clare \u0219i bine fundamentate.\u201d<\/em><\/p>\n<\/div><\/div><span class=\"awb-triangle\"><\/span><\/blockquote><div class=\"author\"><span class=\"company-name\"><\/span><\/div><\/div><\/div><div class=\"testimonial-pagination\" id=\"fusion-testimonials-1\"><a href=\"#\" aria-label=\"Testimonial Pagination\"  class=\"activeSlide\"><\/a><a href=\"#\" aria-label=\"Testimonial Pagination\" ><\/a><a href=\"#\" aria-label=\"Testimonial Pagination\" ><\/a><\/div><\/div><\/div><\/div><div class=\"fusion-layout-column fusion_builder_column fusion-builder-column-2 fusion_builder_column_1_4 1_4 fusion-flex-column\" style=\"--awb-bg-size:cover;--awb-width-large:25%;--awb-margin-top-large:0px;--awb-spacing-right-large:7.68%;--awb-margin-bottom-large:20px;--awb-spacing-left-large:7.68%;--awb-width-medium:25%;--awb-order-medium:0;--awb-spacing-right-medium:7.68%;--awb-spacing-left-medium:7.68%;--awb-width-small:100%;--awb-order-small:0;--awb-spacing-right-small:1.92%;--awb-spacing-left-small:1.92%;\"><div class=\"fusion-column-wrapper fusion-column-has-shadow fusion-flex-justify-content-flex-start fusion-content-layout-column\"><nav class=\"awb-menu awb-menu_column awb-menu_em-hover mobile-mode-always-expanded awb-menu_icons-left awb-menu_dc-yes mobile-trigger-fullwidth-off awb-menu_mobile-toggle awb-menu_indent-left loading mega-menu-loading awb-menu_desktop awb-menu_dropdown awb-menu_expand-right awb-menu_transition-fade\" style=\"--awb-font-size:18px;--awb-line-height:var(--awb-typography4-line-height);--awb-text-transform:var(--awb-typography4-text-transform);--awb-letter-spacing:var(--awb-typography4-letter-spacing);--awb-active-color:var(--awb-color4);--awb-main-justify-content:flex-start;--awb-mobile-justify:flex-start;--awb-mobile-caret-left:auto;--awb-mobile-caret-right:0;--awb-fusion-font-family-typography:var(--awb-typography4-font-family);--awb-fusion-font-weight-typography:var(--awb-typography4-font-weight);--awb-fusion-font-style-typography:var(--awb-typography4-font-style);--awb-fusion-font-family-submenu-typography:inherit;--awb-fusion-font-style-submenu-typography:normal;--awb-fusion-font-weight-submenu-typography:400;--awb-fusion-font-family-mobile-typography:inherit;--awb-fusion-font-style-mobile-typography:normal;--awb-fusion-font-weight-mobile-typography:400;\" aria-label=\"TEAM\" data-breakpoint=\"1024\" data-count=\"0\" data-transition-type=\"fade\" data-transition-time=\"300\" data-expand=\"right\"><button type=\"button\" class=\"awb-menu__m-toggle awb-menu__m-toggle_no-text\" aria-expanded=\"false\" aria-controls=\"menu-team\"><span class=\"awb-menu__m-toggle-inner\"><span class=\"collapsed-nav-text\"><span class=\"screen-reader-text\">Toggle Navigation<\/span><\/span><span class=\"awb-menu__m-collapse-icon awb-menu__m-collapse-icon_no-text\"><span class=\"awb-menu__m-collapse-icon-open awb-menu__m-collapse-icon-open_no-text fa-bars fas\"><\/span><span class=\"awb-menu__m-collapse-icon-close awb-menu__m-collapse-icon-close_no-text fa-times fas\"><\/span><\/span><\/span><\/button><ul id=\"menu-team\" class=\"fusion-menu awb-menu__main-ul awb-menu__main-ul_column\"><li  id=\"menu-item-37014\"  class=\"menu-item menu-item-type-post_type menu-item-object-page menu-item-37014 awb-menu__li awb-menu__main-li awb-menu__main-li_regular\"  data-item-id=\"37014\"><span class=\"awb-menu__main-background-default awb-menu__main-background-default_fade\"><\/span><span class=\"awb-menu__main-background-active awb-menu__main-background-active_fade\"><\/span><a  href=\"https:\/\/fcos.co.uk\/ro\/mihaela-padure\/\" class=\"awb-menu__main-a awb-menu__main-a_regular\"><span class=\"menu-text\">MIHAELA P\u0102DURE<\/span><\/a><\/li><li  id=\"menu-item-37032\"  class=\"menu-item menu-item-type-post_type menu-item-object-page menu-item-37032 awb-menu__li awb-menu__main-li awb-menu__main-li_regular\"  data-item-id=\"37032\"><span class=\"awb-menu__main-background-default awb-menu__main-background-default_fade\"><\/span><span class=\"awb-menu__main-background-active awb-menu__main-background-active_fade\"><\/span><a  href=\"https:\/\/fcos.co.uk\/ro\/sandra-zaulet\/\" class=\"awb-menu__main-a awb-menu__main-a_regular\"><span class=\"menu-text\">SANDRA ZAULET<\/span><\/a><\/li><li  id=\"menu-item-37355\"  class=\"menu-item menu-item-type-post_type menu-item-object-page menu-item-37355 awb-menu__li awb-menu__main-li awb-menu__main-li_regular\"  data-item-id=\"37355\"><span class=\"awb-menu__main-background-default awb-menu__main-background-default_fade\"><\/span><span class=\"awb-menu__main-background-active awb-menu__main-background-active_fade\"><\/span><a  href=\"https:\/\/fcos.co.uk\/ro\/nicoleta-isaila\/\" class=\"awb-menu__main-a awb-menu__main-a_regular\"><span class=\"menu-text\">NICOLETA ISAIL\u0102<\/span><\/a><\/li><li  id=\"menu-item-37666\"  class=\"menu-item menu-item-type-post_type menu-item-object-page menu-item-37666 awb-menu__li awb-menu__main-li awb-menu__main-li_regular\"  data-item-id=\"37666\"><span class=\"awb-menu__main-background-default awb-menu__main-background-default_fade\"><\/span><span class=\"awb-menu__main-background-active awb-menu__main-background-active_fade\"><\/span><a  href=\"https:\/\/fcos.co.uk\/ro\/eleonora-sorodoc\/\" class=\"awb-menu__main-a awb-menu__main-a_regular\"><span class=\"menu-text\">ELEONORA SORODOC<\/span><\/a><\/li><li  id=\"menu-item-37665\"  class=\"menu-item menu-item-type-post_type menu-item-object-page menu-item-37665 awb-menu__li awb-menu__main-li awb-menu__main-li_regular\"  data-item-id=\"37665\"><span class=\"awb-menu__main-background-default awb-menu__main-background-default_fade\"><\/span><span class=\"awb-menu__main-background-active awb-menu__main-background-active_fade\"><\/span><a  href=\"https:\/\/fcos.co.uk\/ro\/mihai-luchici\/\" class=\"awb-menu__main-a awb-menu__main-a_regular\"><span class=\"menu-text\">MIHAI LUCHICI<\/span><\/a><\/li><li  id=\"menu-item-37523\"  class=\"menu-item menu-item-type-post_type menu-item-object-page menu-item-37523 awb-menu__li awb-menu__main-li awb-menu__main-li_regular\"  data-item-id=\"37523\"><span class=\"awb-menu__main-background-default awb-menu__main-background-default_fade\"><\/span><span class=\"awb-menu__main-background-active awb-menu__main-background-active_fade\"><\/span><a  href=\"https:\/\/fcos.co.uk\/ro\/bianca-viciu\/\" class=\"awb-menu__main-a awb-menu__main-a_regular\"><span class=\"menu-text\">BIANCA VICIU<\/span><\/a><\/li><li  id=\"menu-item-38007\"  class=\"menu-item menu-item-type-post_type menu-item-object-page menu-item-38007 awb-menu__li awb-menu__main-li awb-menu__main-li_regular\"  data-item-id=\"38007\"><span class=\"awb-menu__main-background-default awb-menu__main-background-default_fade\"><\/span><span class=\"awb-menu__main-background-active awb-menu__main-background-active_fade\"><\/span><a  href=\"https:\/\/fcos.co.uk\/ro\/rokhsareh-vahid\/\" class=\"awb-menu__main-a awb-menu__main-a_regular\"><span class=\"menu-text\">ROKHSAREH VAHID<\/span><\/a><\/li><li  id=\"menu-item-38014\"  class=\"menu-item menu-item-type-post_type menu-item-object-page menu-item-38014 awb-menu__li awb-menu__main-li awb-menu__main-li_regular\"  data-item-id=\"38014\"><span class=\"awb-menu__main-background-default awb-menu__main-background-default_fade\"><\/span><span class=\"awb-menu__main-background-active awb-menu__main-background-active_fade\"><\/span><a  href=\"https:\/\/fcos.co.uk\/ro\/victoria-ten\/\" class=\"awb-menu__main-a awb-menu__main-a_regular\"><span class=\"menu-text\">VICTORIA TEN<\/span><\/a><\/li><\/ul><\/nav><\/div><\/div><\/div><\/div>","protected":false},"excerpt":{"rendered":"","protected":false},"author":3,"featured_media":0,"parent":0,"menu_order":0,"comment_status":"closed","ping_status":"closed","template":"","meta":{"footnotes":""},"class_list":["post-37027","page","type-page","status-publish","hentry"],"yoast_head":"<!-- This site is optimized with the Yoast SEO plugin v27.4 - https:\/\/yoast.com\/product\/yoast-seo-wordpress\/ -->\n<title>Sandra Zaulet | Forest &amp; Co Solicitors<\/title>\n<meta name=\"description\" content=\"Sandra Zaulet, Consultant Solicitor, specialises in family and criminal law, representing clients in complex cases with focus on client care.\" \/>\n<meta name=\"robots\" content=\"index, follow, max-snippet:-1, max-image-preview:large, max-video-preview:-1\" \/>\n<link rel=\"canonical\" href=\"https:\/\/fcos.co.uk\/ro\/sandra-zaulet\/\" \/>\n<meta property=\"og:locale\" content=\"ro_RO\" \/>\n<meta property=\"og:type\" content=\"article\" \/>\n<meta property=\"og:title\" content=\"Sandra Zaulet | Forest &amp; Co Solicitors\" \/>\n<meta property=\"og:description\" content=\"Sandra Zaulet, Consultant Solicitor, specialises in family and criminal law, representing clients in complex cases with focus on client care.\" \/>\n<meta property=\"og:url\" content=\"https:\/\/fcos.co.uk\/ro\/sandra-zaulet\/\" \/>\n<meta property=\"og:site_name\" content=\"FCOS\" \/>\n<meta property=\"article:modified_time\" content=\"2026-03-20T13:22:22+00:00\" \/>\n<meta property=\"og:image\" content=\"https:\/\/fcos.co.uk\/wp-content\/uploads\/2026\/03\/Sandra-profile-e1773759667395-1170x694.png\" \/>\n\t<meta property=\"og:image:width\" content=\"1170\" \/>\n\t<meta property=\"og:image:height\" content=\"694\" \/>\n\t<meta property=\"og:image:type\" content=\"image\/png\" \/>\n<meta name=\"twitter:card\" content=\"summary_large_image\" \/>\n<meta name=\"twitter:label1\" content=\"Timp estimat pentru citire\" \/>\n\t<meta name=\"twitter:data1\" content=\"2 minute\" \/>\n<script type=\"application\/ld+json\" class=\"yoast-schema-graph\">{\"@context\":\"https:\\\/\\\/schema.org\",\"@graph\":[{\"@type\":\"WebPage\",\"@id\":\"https:\\\/\\\/fcos.co.uk\\\/sandra-zaulet\\\/\",\"url\":\"https:\\\/\\\/fcos.co.uk\\\/sandra-zaulet\\\/\",\"name\":\"Sandra Zaulet | Forest & Co Solicitors\",\"isPartOf\":{\"@id\":\"https:\\\/\\\/fcos.co.uk\\\/#website\"},\"datePublished\":\"2025-03-21T13:26:08+00:00\",\"dateModified\":\"2026-03-20T13:22:22+00:00\",\"description\":\"Sandra Zaulet, Consultant Solicitor, specialises in family and criminal law, representing clients in complex cases with focus on client care.\",\"breadcrumb\":{\"@id\":\"https:\\\/\\\/fcos.co.uk\\\/sandra-zaulet\\\/#breadcrumb\"},\"inLanguage\":\"ro-RO\",\"potentialAction\":[{\"@type\":\"ReadAction\",\"target\":[\"https:\\\/\\\/fcos.co.uk\\\/sandra-zaulet\\\/\"]}]},{\"@type\":\"BreadcrumbList\",\"@id\":\"https:\\\/\\\/fcos.co.uk\\\/sandra-zaulet\\\/#breadcrumb\",\"itemListElement\":[{\"@type\":\"ListItem\",\"position\":1,\"name\":\"Home\",\"item\":\"https:\\\/\\\/fcos.co.uk\\\/\"},{\"@type\":\"ListItem\",\"position\":2,\"name\":\"SANDRA ZAULET\"}]},{\"@type\":\"WebSite\",\"@id\":\"https:\\\/\\\/fcos.co.uk\\\/#website\",\"url\":\"https:\\\/\\\/fcos.co.uk\\\/\",\"name\":\"FCOS\",\"description\":\"London Legal Experts\",\"potentialAction\":[{\"@type\":\"SearchAction\",\"target\":{\"@type\":\"EntryPoint\",\"urlTemplate\":\"https:\\\/\\\/fcos.co.uk\\\/?s={search_term_string}\"},\"query-input\":{\"@type\":\"PropertyValueSpecification\",\"valueRequired\":true,\"valueName\":\"search_term_string\"}}],\"inLanguage\":\"ro-RO\"}]}<\/script>\n<!-- \/ Yoast SEO plugin. -->","yoast_head_json":{"title":"Sandra Zaulet | Forest & Co Solicitors","description":"Sandra Zaulet, Consultant Solicitor, specialises in family and criminal law, representing clients in complex cases with focus on client care.","robots":{"index":"index","follow":"follow","max-snippet":"max-snippet:-1","max-image-preview":"max-image-preview:large","max-video-preview":"max-video-preview:-1"},"canonical":"https:\/\/fcos.co.uk\/ro\/sandra-zaulet\/","og_locale":"ro_RO","og_type":"article","og_title":"Sandra Zaulet | Forest & Co Solicitors","og_description":"Sandra Zaulet, Consultant Solicitor, specialises in family and criminal law, representing clients in complex cases with focus on client care.","og_url":"https:\/\/fcos.co.uk\/ro\/sandra-zaulet\/","og_site_name":"FCOS","article_modified_time":"2026-03-20T13:22:22+00:00","og_image":[{"width":1170,"height":694,"url":"https:\/\/fcos.co.uk\/wp-content\/uploads\/2026\/03\/Sandra-profile-e1773759667395-1170x694.png","type":"image\/png"}],"twitter_card":"summary_large_image","twitter_misc":{"Timp estimat pentru citire":"2 minute"},"schema":{"@context":"https:\/\/schema.org","@graph":[{"@type":"WebPage","@id":"https:\/\/fcos.co.uk\/sandra-zaulet\/","url":"https:\/\/fcos.co.uk\/sandra-zaulet\/","name":"Sandra Zaulet | Forest & Co Solicitors","isPartOf":{"@id":"https:\/\/fcos.co.uk\/#website"},"datePublished":"2025-03-21T13:26:08+00:00","dateModified":"2026-03-20T13:22:22+00:00","description":"Sandra Zaulet, Consultant Solicitor, specialises in family and criminal law, representing clients in complex cases with focus on client care.","breadcrumb":{"@id":"https:\/\/fcos.co.uk\/sandra-zaulet\/#breadcrumb"},"inLanguage":"ro-RO","potentialAction":[{"@type":"ReadAction","target":["https:\/\/fcos.co.uk\/sandra-zaulet\/"]}]},{"@type":"BreadcrumbList","@id":"https:\/\/fcos.co.uk\/sandra-zaulet\/#breadcrumb","itemListElement":[{"@type":"ListItem","position":1,"name":"Home","item":"https:\/\/fcos.co.uk\/"},{"@type":"ListItem","position":2,"name":"SANDRA ZAULET"}]},{"@type":"WebSite","@id":"https:\/\/fcos.co.uk\/#website","url":"https:\/\/fcos.co.uk\/","name":"FCOS","description":"London Legal Experts","potentialAction":[{"@type":"SearchAction","target":{"@type":"EntryPoint","urlTemplate":"https:\/\/fcos.co.uk\/?s={search_term_string}"},"query-input":{"@type":"PropertyValueSpecification","valueRequired":true,"valueName":"search_term_string"}}],"inLanguage":"ro-RO"}]}},"_links":{"self":[{"href":"https:\/\/fcos.co.uk\/ro\/wp-json\/wp\/v2\/pages\/37027","targetHints":{"allow":["GET"]}}],"collection":[{"href":"https:\/\/fcos.co.uk\/ro\/wp-json\/wp\/v2\/pages"}],"about":[{"href":"https:\/\/fcos.co.uk\/ro\/wp-json\/wp\/v2\/types\/page"}],"author":[{"embeddable":true,"href":"https:\/\/fcos.co.uk\/ro\/wp-json\/wp\/v2\/users\/3"}],"replies":[{"embeddable":true,"href":"https:\/\/fcos.co.uk\/ro\/wp-json\/wp\/v2\/comments?post=37027"}],"version-history":[{"count":10,"href":"https:\/\/fcos.co.uk\/ro\/wp-json\/wp\/v2\/pages\/37027\/revisions"}],"predecessor-version":[{"id":38251,"href":"https:\/\/fcos.co.uk\/ro\/wp-json\/wp\/v2\/pages\/37027\/revisions\/38251"}],"wp:attachment":[{"href":"https:\/\/fcos.co.uk\/ro\/wp-json\/wp\/v2\/media?parent=37027"}],"curies":[{"name":"wp","href":"https:\/\/api.w.org\/{rel}","templated":true}]}}