{"id":37347,"date":"2025-04-09T10:49:22","date_gmt":"2025-04-09T10:49:22","guid":{"rendered":"https:\/\/fcos.co.uk\/?page_id=37347"},"modified":"2026-03-20T13:35:19","modified_gmt":"2026-03-20T13:35:19","slug":"rokhsareh-vahid","status":"publish","type":"page","link":"https:\/\/fcos.co.uk\/ro\/rokhsareh-vahid\/","title":{"rendered":"ROKHSAREH VAHID"},"content":{"rendered":"<div class=\"fusion-fullwidth fullwidth-box fusion-builder-row-1 fusion-flex-container has-pattern-background has-mask-background nonhundred-percent-fullwidth non-hundred-percent-height-scrolling\" style=\"--awb-border-radius-top-left:0px;--awb-border-radius-top-right:0px;--awb-border-radius-bottom-right:0px;--awb-border-radius-bottom-left:0px;--awb-flex-wrap:wrap;\" ><div class=\"fusion-builder-row fusion-row fusion-flex-align-items-flex-start fusion-flex-justify-content-center fusion-flex-content-wrap\" style=\"max-width:1456px;margin-left: calc(-4% \/ 2 );margin-right: calc(-4% \/ 2 );\"><div class=\"fusion-layout-column fusion_builder_column fusion-builder-column-0 fusion_builder_column_1_4 1_4 fusion-flex-column\" style=\"--awb-bg-size:cover;--awb-width-large:25%;--awb-margin-top-large:0px;--awb-spacing-right-large:7.68%;--awb-margin-bottom-large:20px;--awb-spacing-left-large:7.68%;--awb-width-medium:25%;--awb-order-medium:0;--awb-spacing-right-medium:7.68%;--awb-spacing-left-medium:7.68%;--awb-width-small:100%;--awb-order-small:0;--awb-spacing-right-small:1.92%;--awb-spacing-left-small:1.92%;\"><div class=\"fusion-column-wrapper fusion-column-has-shadow fusion-flex-justify-content-flex-start fusion-content-layout-column\"><div class=\"fusion-image-element\" style=\"--awb-caption-title-font-family:var(--h2_typography-font-family);--awb-caption-title-font-weight:var(--h2_typography-font-weight);--awb-caption-title-font-style:var(--h2_typography-font-style);--awb-caption-title-size:var(--h2_typography-font-size);--awb-caption-title-transform:var(--h2_typography-text-transform);--awb-caption-title-line-height:var(--h2_typography-line-height);--awb-caption-title-letter-spacing:var(--h2_typography-letter-spacing);\"><span class=\"fusion-imageframe imageframe-none imageframe-1 hover-type-none\"><img decoding=\"async\" width=\"1200\" height=\"1465\" title=\"poza1\" src=\"https:\/\/fcos.co.uk\/wp-content\/uploads\/2026\/03\/poza1.jpg\" alt class=\"img-responsive wp-image-38255\" srcset=\"https:\/\/fcos.co.uk\/wp-content\/uploads\/2026\/03\/poza1-200x244.jpg 200w, https:\/\/fcos.co.uk\/wp-content\/uploads\/2026\/03\/poza1-400x488.jpg 400w, https:\/\/fcos.co.uk\/wp-content\/uploads\/2026\/03\/poza1-600x733.jpg 600w, https:\/\/fcos.co.uk\/wp-content\/uploads\/2026\/03\/poza1-800x977.jpg 800w, https:\/\/fcos.co.uk\/wp-content\/uploads\/2026\/03\/poza1.jpg 1200w\" sizes=\"(max-width: 640px) 100vw, 400px\" \/><\/span><\/div><\/div><\/div><div class=\"fusion-layout-column fusion_builder_column fusion-builder-column-1 fusion_builder_column_1_2 1_2 fusion-flex-column\" style=\"--awb-bg-size:cover;--awb-width-large:50%;--awb-margin-top-large:0px;--awb-spacing-right-large:3.84%;--awb-margin-bottom-large:20px;--awb-spacing-left-large:3.84%;--awb-width-medium:50%;--awb-order-medium:0;--awb-spacing-right-medium:3.84%;--awb-spacing-left-medium:3.84%;--awb-width-small:100%;--awb-order-small:0;--awb-spacing-right-small:1.92%;--awb-spacing-left-small:1.92%;\"><div class=\"fusion-column-wrapper fusion-column-has-shadow fusion-flex-justify-content-flex-start fusion-content-layout-column\"><div class=\"fusion-text fusion-text-1\"><h3 style=\"font-weight: 400;\">Rokhsareh Vahid<\/h3>\n<p style=\"font-weight: 400;\">N\u0103scut\u0103 \u00een Iran, crescut\u0103 \u00een Statele Unite \u0219i stabilit\u0103 \u00een Anglia din 2015, Rokhsareh vorbe\u0219te fluent farsi (persan\u0103), englez\u0103 \u0219i spaniol\u0103 la nivel de baz\u0103.<\/p>\n<p style=\"font-weight: 400;\">Rokhsareh a ob\u021binut diplomele de licen\u021b\u0103, master \u0219i Doctor of Jurisprudence cu distinc\u021bie, calific\u00e2ndu-se ca avocat \u00een Texas \u00een anul 2010. \u00cenainte de finalizarea studiilor, a activat \u00een cadrul Cur\u021bii Supreme din Texas. \u00cen calitate de avocat \u00een Statele Unite, activitatea sa s-a concentrat pe dreptul sanc\u021biunilor, litigii comerciale \u0219i drepturile civile.<\/p>\n<p style=\"font-weight: 400;\">Rokhsareh a finalizat un master (LLM) \u00een Dreptul Afacerilor \u0219i Comer\u021bului Interna\u021bional la University of Manchester \u00een decembrie 2016. Ulterior, \u0219i-a desf\u0103\u0219urat activitatea \u00een domeniul juridic \u00een Anglia, fiind implicat\u0103 \u00een numeroase cazuri de anvergur\u0103. A ap\u0103rut \u00een publica\u021bii precum The\u00a0<a href=\"https:\/\/www.theguardian.com\/business\/2020\/mar\/17\/metro-bank-hit-with-fresh-lawsuit-by-iranian-customers\">Guardian<\/a>\u00a0\u0219i a sus\u021binut prezent\u0103ri publice pe teme legate de litigii \u0219i drepturi civile \u00een Statele Unite, Europa, Iran \u0219i Regatul Unit.<\/p>\n<p style=\"font-weight: 400;\">Rokhsareh este specializat\u0103 \u00een dreptul sanc\u021biunilor \u0219i drept bancar \u0219i este recunoscut\u0103 \u00een mod special pentru expertiza sa \u00een acest domeniu, pentru calitatea rela\u021biei cu clien\u021bii \u0219i pentru modul \u00een care reprezint\u0103 persoane vulnerabile. Ca urmare, majoritatea clien\u021bilor s\u0103i provin din recomand\u0103ri f\u0103cute de prieteni, colegi \u0219i al\u021bi clien\u021bi.<\/p>\n<p style=\"font-weight: 400;\"><strong>Sanction Law\u00a0<\/strong><\/p>\n<p style=\"font-weight: 400;\">Rokhsareh are o experien\u021b\u0103 extins\u0103 \u00een acordarea de asisten\u021b\u0103 juridic\u0103 \u0219i reprezentare \u00een domeniul dreptului sanc\u021biunilor. Experien\u021ba sa \u00een litigii \u0219i \u00een acest domeniu \u00eei permite s\u0103 abordeze cu claritate \u0219i rigoare cauze complexe care implic\u0103 state supuse sanc\u021biunilor. Este recunoscut\u0103 pentru abordarea sa atent\u0103 \u0219i echilibrat\u0103, dublat\u0103 de o prezen\u021b\u0103 ferm\u0103 \u00een instan\u021b\u0103, orientat\u0103 c\u0103tre ob\u021binerea celor mai bune rezultate pentru clien\u021bii s\u0103i.<\/p>\n<p style=\"font-weight: 400;\">Rokhsareh \u00ee\u0219i dezvolt\u0103 constant expertiza prin studierea continu\u0103 a modific\u0103rilor din domeniul dreptului sanc\u021biunilor \u0219i prin participarea la conferin\u021be de specialitate. Angajamentul s\u0103u fa\u021b\u0103 de dezvoltarea profesional\u0103 \u00eei permite s\u0103 r\u0103m\u00e2n\u0103 la curent cu cele mai bune practici \u00een acest domeniu.<\/p>\n<p style=\"font-weight: 400;\"><strong>Banking Law<\/strong><\/p>\n<p style=\"font-weight: 400;\">Rokhsareh a coordonat \u0219i a reprezentat clien\u021bi \u00een sute de litigii \u00eempotriva institu\u021biilor bancare, \u00een cauze privind \u00eenchiderea conturilor \u0219i restric\u021bionarea accesului la acestea. A ac\u021bionat cu succes \u00een cazuri ce implic\u0103 ordine de \u00eenghe\u021bare a conturilor (Account Freezing Orders), ordine de confiscare a fondurilor din conturi (Account Forfeiture Orders), precum \u0219i \u00een cazuri de fraud\u0103 de tip Authorised Push Payment (APP). Expertiza sa \u00een ceea ce prive\u0219te obliga\u021biile contractuale \u0219i de reglementare ale b\u0103ncilor \u00eei permite s\u0103 ofere o ap\u0103rare eficient\u0103 \u00een astfel de cauze. De-a lungul carierei sale, Rokhsareh a ob\u021binut rezultate remarcabile pentru clien\u021bii s\u0103i.<\/p>\n<p style=\"font-weight: 400;\">Abilit\u0103\u021bile sale solide de comunicare \u00eei permit s\u0103 rela\u021bioneze eficient cu persoane din medii diverse, asigur\u00e2ndu-se c\u0103 cei pe care \u00eei reprezint\u0103 \u00een\u021beleg pe deplin toate etapele procedurilor \u0219i au \u00eencrederea c\u0103 sunt sus\u021binu\u021bi pe tot parcursul acestora.<\/p>\n<p style=\"font-weight: 400;\"><strong>Abordarea Profesional\u0103<\/strong><\/p>\n<p style=\"font-weight: 400;\">Rokhsareh este apreciat\u0103 pe scar\u0103 larg\u0103 pentru angajamentul s\u0103u constant fa\u021b\u0103 de clien\u021bi, pentru abordarea sa atent\u0103 \u0219i pentru capacitatea de a gestiona chiar \u0219i cele mai dificile cazuri cu profesionalism \u0219i echilibru. Recunoscut\u0103 pentru calitatea rela\u021biei cu clien\u021bii, are o abilitate remarcabil\u0103 de a construi rela\u021bii solide, bazate pe \u00eencredere, cu cei pe care \u00eei reprezint\u0103. Adept\u0103 a dezvolt\u0103rii profesionale continue, Rokhsareh urm\u0103re\u0219te \u00een mod constant publica\u021bii \u0219i spe\u021be noi, pentru a r\u0103m\u00e2ne la curent cu evolu\u021biile din domeniu \u0219i pentru a continua s\u0103 ob\u021bin\u0103 rezultate pentru clien\u021bii s\u0103i.<\/p>\n<\/div><div class=\"fusion-separator fusion-full-width-sep\" style=\"align-self: center;margin-left: auto;margin-right: auto;margin-top:25px;margin-bottom:25px;width:100%;\"><\/div><div class=\"fusion-testimonials classic awb-speech-bubble-show fusion-testimonials-1\" style=\"--awb-textcolor:var(--awb-color8);--awb-testimonial-text-font-size:var(--awb-typography4-font-size);--awb-testimonial-text-line-height:var(--awb-typography4-line-height);--awb-testimonial-text-letter-spacing:var(--awb-typography4-letter-spacing);--awb-testimonial-text-text-transform:var(--awb-typography4-text-transform);--awb-backgroundcolor:var(--awb-color1);--awb-testimonial-border-style:solid;--awb-testimonial-border-color:var(--awb-color3);--awb-navigation-size:12px;--awb-border-top-left-radius:0px;--awb-border-top-right-radius:0px;--awb-border-bottom-left-radius:0px;--awb-border-bottom-right-radius:0px;--testimonial-border-width-top:0px;--testimonial-border-width-right:0px;--testimonial-border-width-bottom:0px;--testimonial-border-width-left:0px;--awb-testimonial-text-font-family:var(--awb-typography4-font-family);--awb-testimonial-text-font-weight:var(--awb-typography4-font-weight);--awb-testimonial-text-font-style:var(--awb-typography4-font-style);\" data-random=\"0\" data-speed=\"0\"><div class=\"reviews\"><div class=\"review active-testimonial alignment-left no-avatar\"><blockquote><div class=\"awb-quote\"><div class=\"awb-quote-content\">\n<p><em>\u201eO recomand din toat\u0103 inima pe Dr. Rokhsareh Vahid. A oferit servicii excep\u021bionale, gestion\u00e2nd transferul de fonduri din Iran cu profesionalism, eficien\u021b\u0103 \u0219i o aten\u021bie deosebit\u0103 la detalii. Un proces care ar fi putut fi stresant \u0219i complicat a devenit simplu \u0219i bine organizat datorit\u0103 comunic\u0103rii sale clare, cuno\u0219tin\u021belor aprofundate \u00een materie de cerin\u021be legale \u0219i de reglementare, precum \u0219i dedic\u0103rii sale reale pentru ob\u021binerea celor mai bune rezultate pentru clien\u021bi. Expertiza \u0219i angajamentul s\u0103u fa\u021b\u0103 de excelen\u021b\u0103 sunt cu adev\u0103rat remarcabile, iar eu \u00eei sunt profund recunosc\u0103tor pentru sprijinul oferit.\u201d<\/em><\/p>\n<\/div><\/div><span class=\"awb-triangle\"><\/span><\/blockquote><div class=\"author\"><span class=\"company-name\"><\/span><\/div><\/div><div class=\"review alignment-left no-avatar\"><blockquote><div class=\"awb-quote\"><div class=\"awb-quote-content\">\n<p><em>\u201eDoamna Vahid a avut un rol esen\u021bial \u00een recuperarea fondurilor noastre din Iran. Cuno\u0219tin\u021bele sale aprofundate despre sistemul bancar \u0219i regimul sanc\u021biunilor ne-au permis s\u0103 transfer\u0103m fondurile \u00eenapoi \u00een Regatul Unit \u0219i s\u0103 ob\u021binem aprobarea b\u0103ncii, beneficiind \u00een acela\u0219i timp de o comunicare clar\u0103 \u0219i prompt\u0103 pe tot parcursul procesului.\u201d<\/em><\/p>\n<\/div><\/div><span class=\"awb-triangle\"><\/span><\/blockquote><div class=\"author\"><span class=\"company-name\"><\/span><\/div><\/div><div class=\"review alignment-left no-avatar\"><blockquote><div class=\"awb-quote\"><div class=\"awb-quote-content\">\n<p><em>\u201eDoresc s\u0103 \u00eei mul\u021bumesc Doamnei Vahid pentru sprijinul acordat \u00een solu\u021bionarea cazului nostru. Este extrem de profesionist\u0103 \u0219i comunic\u0103 cu mult\u0103 claritate \u0219i empatie. Am fost foarte noroco\u0219i c\u0103 a preluat cazul nostru \u00eentr-un termen at\u00e2t de scurt. \u00cei mul\u021bumim din nou pentru tot sprijinul \u0219i \u00eendrumarea oferite pe parcursul \u00eentregului proces.\u201d<\/em><\/p>\n<p style=\"font-weight: 400;\"><em><strong>\u00a0<\/strong><\/em><\/p>\n<\/div><\/div><span class=\"awb-triangle\"><\/span><\/blockquote><div class=\"author\"><span class=\"company-name\"><\/span><\/div><\/div><\/div><div class=\"testimonial-pagination\" id=\"fusion-testimonials-1\"><a href=\"#\" aria-label=\"Testimonial Pagination\"  class=\"activeSlide\"><\/a><a href=\"#\" aria-label=\"Testimonial Pagination\" ><\/a><a href=\"#\" aria-label=\"Testimonial Pagination\" ><\/a><\/div><\/div><\/div><\/div><div class=\"fusion-layout-column fusion_builder_column fusion-builder-column-2 fusion_builder_column_1_4 1_4 fusion-flex-column\" style=\"--awb-bg-size:cover;--awb-width-large:25%;--awb-margin-top-large:0px;--awb-spacing-right-large:7.68%;--awb-margin-bottom-large:20px;--awb-spacing-left-large:7.68%;--awb-width-medium:25%;--awb-order-medium:0;--awb-spacing-right-medium:7.68%;--awb-spacing-left-medium:7.68%;--awb-width-small:100%;--awb-order-small:0;--awb-spacing-right-small:1.92%;--awb-spacing-left-small:1.92%;\"><div class=\"fusion-column-wrapper fusion-column-has-shadow fusion-flex-justify-content-flex-start fusion-content-layout-column\"><nav class=\"awb-menu awb-menu_column awb-menu_em-hover mobile-mode-always-expanded awb-menu_icons-left awb-menu_dc-yes mobile-trigger-fullwidth-off awb-menu_mobile-toggle awb-menu_indent-left loading mega-menu-loading awb-menu_desktop awb-menu_dropdown awb-menu_expand-right awb-menu_transition-fade\" style=\"--awb-font-size:18px;--awb-line-height:var(--awb-typography4-line-height);--awb-text-transform:var(--awb-typography4-text-transform);--awb-letter-spacing:var(--awb-typography4-letter-spacing);--awb-active-color:var(--awb-color4);--awb-main-justify-content:flex-start;--awb-mobile-justify:flex-start;--awb-mobile-caret-left:auto;--awb-mobile-caret-right:0;--awb-fusion-font-family-typography:var(--awb-typography4-font-family);--awb-fusion-font-weight-typography:var(--awb-typography4-font-weight);--awb-fusion-font-style-typography:var(--awb-typography4-font-style);--awb-fusion-font-family-submenu-typography:inherit;--awb-fusion-font-style-submenu-typography:normal;--awb-fusion-font-weight-submenu-typography:400;--awb-fusion-font-family-mobile-typography:inherit;--awb-fusion-font-style-mobile-typography:normal;--awb-fusion-font-weight-mobile-typography:400;\" aria-label=\"TEAM\" data-breakpoint=\"1024\" data-count=\"0\" data-transition-type=\"fade\" data-transition-time=\"300\" data-expand=\"right\"><button type=\"button\" class=\"awb-menu__m-toggle awb-menu__m-toggle_no-text\" aria-expanded=\"false\" aria-controls=\"menu-team\"><span class=\"awb-menu__m-toggle-inner\"><span class=\"collapsed-nav-text\"><span class=\"screen-reader-text\">Toggle Navigation<\/span><\/span><span class=\"awb-menu__m-collapse-icon awb-menu__m-collapse-icon_no-text\"><span class=\"awb-menu__m-collapse-icon-open awb-menu__m-collapse-icon-open_no-text fa-bars fas\"><\/span><span class=\"awb-menu__m-collapse-icon-close awb-menu__m-collapse-icon-close_no-text fa-times fas\"><\/span><\/span><\/span><\/button><ul id=\"menu-team\" class=\"fusion-menu awb-menu__main-ul awb-menu__main-ul_column\"><li  id=\"menu-item-37014\"  class=\"menu-item menu-item-type-post_type menu-item-object-page menu-item-37014 awb-menu__li awb-menu__main-li awb-menu__main-li_regular\"  data-item-id=\"37014\"><span class=\"awb-menu__main-background-default awb-menu__main-background-default_fade\"><\/span><span class=\"awb-menu__main-background-active awb-menu__main-background-active_fade\"><\/span><a  href=\"https:\/\/fcos.co.uk\/ro\/mihaela-padure\/\" class=\"awb-menu__main-a awb-menu__main-a_regular\"><span class=\"menu-text\">MIHAELA P\u0102DURE<\/span><\/a><\/li><li  id=\"menu-item-37032\"  class=\"menu-item menu-item-type-post_type menu-item-object-page menu-item-37032 awb-menu__li awb-menu__main-li awb-menu__main-li_regular\"  data-item-id=\"37032\"><span class=\"awb-menu__main-background-default awb-menu__main-background-default_fade\"><\/span><span class=\"awb-menu__main-background-active awb-menu__main-background-active_fade\"><\/span><a  href=\"https:\/\/fcos.co.uk\/ro\/sandra-zaulet\/\" class=\"awb-menu__main-a awb-menu__main-a_regular\"><span class=\"menu-text\">SANDRA ZAULET<\/span><\/a><\/li><li  id=\"menu-item-37355\"  class=\"menu-item menu-item-type-post_type menu-item-object-page menu-item-37355 awb-menu__li awb-menu__main-li awb-menu__main-li_regular\"  data-item-id=\"37355\"><span class=\"awb-menu__main-background-default awb-menu__main-background-default_fade\"><\/span><span class=\"awb-menu__main-background-active awb-menu__main-background-active_fade\"><\/span><a  href=\"https:\/\/fcos.co.uk\/ro\/nicoleta-isaila\/\" class=\"awb-menu__main-a awb-menu__main-a_regular\"><span class=\"menu-text\">NICOLETA ISAIL\u0102<\/span><\/a><\/li><li  id=\"menu-item-37666\"  class=\"menu-item menu-item-type-post_type menu-item-object-page menu-item-37666 awb-menu__li awb-menu__main-li awb-menu__main-li_regular\"  data-item-id=\"37666\"><span class=\"awb-menu__main-background-default awb-menu__main-background-default_fade\"><\/span><span class=\"awb-menu__main-background-active awb-menu__main-background-active_fade\"><\/span><a  href=\"https:\/\/fcos.co.uk\/ro\/eleonora-sorodoc\/\" class=\"awb-menu__main-a awb-menu__main-a_regular\"><span class=\"menu-text\">ELEONORA SORODOC<\/span><\/a><\/li><li  id=\"menu-item-37665\"  class=\"menu-item menu-item-type-post_type menu-item-object-page menu-item-37665 awb-menu__li awb-menu__main-li awb-menu__main-li_regular\"  data-item-id=\"37665\"><span class=\"awb-menu__main-background-default awb-menu__main-background-default_fade\"><\/span><span class=\"awb-menu__main-background-active awb-menu__main-background-active_fade\"><\/span><a  href=\"https:\/\/fcos.co.uk\/ro\/mihai-luchici\/\" class=\"awb-menu__main-a awb-menu__main-a_regular\"><span class=\"menu-text\">MIHAI LUCHICI<\/span><\/a><\/li><li  id=\"menu-item-37523\"  class=\"menu-item menu-item-type-post_type menu-item-object-page menu-item-37523 awb-menu__li awb-menu__main-li awb-menu__main-li_regular\"  data-item-id=\"37523\"><span class=\"awb-menu__main-background-default awb-menu__main-background-default_fade\"><\/span><span class=\"awb-menu__main-background-active awb-menu__main-background-active_fade\"><\/span><a  href=\"https:\/\/fcos.co.uk\/ro\/bianca-viciu\/\" class=\"awb-menu__main-a awb-menu__main-a_regular\"><span class=\"menu-text\">BIANCA VICIU<\/span><\/a><\/li><li  id=\"menu-item-38007\"  class=\"menu-item menu-item-type-post_type menu-item-object-page menu-item-38007 awb-menu__li awb-menu__main-li awb-menu__main-li_regular\"  data-item-id=\"38007\"><span class=\"awb-menu__main-background-default awb-menu__main-background-default_fade\"><\/span><span class=\"awb-menu__main-background-active awb-menu__main-background-active_fade\"><\/span><a  href=\"https:\/\/fcos.co.uk\/ro\/rokhsareh-vahid\/\" class=\"awb-menu__main-a awb-menu__main-a_regular\"><span class=\"menu-text\">ROKHSAREH VAHID<\/span><\/a><\/li><li  id=\"menu-item-38014\"  class=\"menu-item menu-item-type-post_type menu-item-object-page menu-item-38014 awb-menu__li awb-menu__main-li awb-menu__main-li_regular\"  data-item-id=\"38014\"><span class=\"awb-menu__main-background-default awb-menu__main-background-default_fade\"><\/span><span class=\"awb-menu__main-background-active awb-menu__main-background-active_fade\"><\/span><a  href=\"https:\/\/fcos.co.uk\/ro\/victoria-ten\/\" class=\"awb-menu__main-a awb-menu__main-a_regular\"><span class=\"menu-text\">VICTORIA TEN<\/span><\/a><\/li><\/ul><\/nav><\/div><\/div><\/div><\/div>","protected":false},"excerpt":{"rendered":"","protected":false},"author":3,"featured_media":0,"parent":0,"menu_order":0,"comment_status":"closed","ping_status":"closed","template":"","meta":{"footnotes":""},"class_list":["post-37347","page","type-page","status-publish","hentry"],"yoast_head":"<!-- This site is optimized with the Yoast SEO plugin v27.4 - https:\/\/yoast.com\/product\/yoast-seo-wordpress\/ -->\n<title>Rokhsareh Vahid | Forest &amp; Co Solicitors<\/title>\n<meta name=\"description\" content=\"Rokhsareh Vahid, Solicitor, specialises in sanctions and banking law, advising on complex litigation, account freezing and regulatory matters.\" \/>\n<meta name=\"robots\" content=\"index, follow, max-snippet:-1, max-image-preview:large, max-video-preview:-1\" \/>\n<link rel=\"canonical\" href=\"https:\/\/fcos.co.uk\/ro\/rokhsareh-vahid\/\" \/>\n<meta property=\"og:locale\" content=\"ro_RO\" \/>\n<meta property=\"og:type\" content=\"article\" \/>\n<meta property=\"og:title\" content=\"Rokhsareh Vahid | Forest &amp; Co Solicitors\" \/>\n<meta property=\"og:description\" content=\"Rokhsareh Vahid, Solicitor, specialises in sanctions and banking law, advising on complex litigation, account freezing and regulatory matters.\" \/>\n<meta property=\"og:url\" content=\"https:\/\/fcos.co.uk\/ro\/rokhsareh-vahid\/\" \/>\n<meta property=\"og:site_name\" content=\"FCOS\" \/>\n<meta property=\"article:modified_time\" content=\"2026-03-20T13:35:19+00:00\" \/>\n<meta property=\"og:image\" content=\"https:\/\/fcos.co.uk\/wp-content\/uploads\/2026\/03\/poza1.jpg\" \/>\n\t<meta property=\"og:image:width\" content=\"1200\" \/>\n\t<meta property=\"og:image:height\" content=\"1465\" \/>\n\t<meta property=\"og:image:type\" content=\"image\/jpeg\" \/>\n<meta name=\"twitter:card\" content=\"summary_large_image\" \/>\n<meta name=\"twitter:label1\" content=\"Timp estimat pentru citire\" \/>\n\t<meta name=\"twitter:data1\" content=\"3 minute\" \/>\n<script type=\"application\/ld+json\" class=\"yoast-schema-graph\">{\"@context\":\"https:\\\/\\\/schema.org\",\"@graph\":[{\"@type\":\"WebPage\",\"@id\":\"https:\\\/\\\/fcos.co.uk\\\/rokhsareh-vahid\\\/\",\"url\":\"https:\\\/\\\/fcos.co.uk\\\/rokhsareh-vahid\\\/\",\"name\":\"Rokhsareh Vahid | Forest & Co Solicitors\",\"isPartOf\":{\"@id\":\"https:\\\/\\\/fcos.co.uk\\\/#website\"},\"datePublished\":\"2025-04-09T10:49:22+00:00\",\"dateModified\":\"2026-03-20T13:35:19+00:00\",\"description\":\"Rokhsareh Vahid, Solicitor, specialises in sanctions and banking law, advising on complex litigation, account freezing and regulatory matters.\",\"breadcrumb\":{\"@id\":\"https:\\\/\\\/fcos.co.uk\\\/rokhsareh-vahid\\\/#breadcrumb\"},\"inLanguage\":\"ro-RO\",\"potentialAction\":[{\"@type\":\"ReadAction\",\"target\":[\"https:\\\/\\\/fcos.co.uk\\\/rokhsareh-vahid\\\/\"]}]},{\"@type\":\"BreadcrumbList\",\"@id\":\"https:\\\/\\\/fcos.co.uk\\\/rokhsareh-vahid\\\/#breadcrumb\",\"itemListElement\":[{\"@type\":\"ListItem\",\"position\":1,\"name\":\"Home\",\"item\":\"https:\\\/\\\/fcos.co.uk\\\/\"},{\"@type\":\"ListItem\",\"position\":2,\"name\":\"ROKHSAREH VAHID\"}]},{\"@type\":\"WebSite\",\"@id\":\"https:\\\/\\\/fcos.co.uk\\\/#website\",\"url\":\"https:\\\/\\\/fcos.co.uk\\\/\",\"name\":\"FCOS\",\"description\":\"London Legal Experts\",\"potentialAction\":[{\"@type\":\"SearchAction\",\"target\":{\"@type\":\"EntryPoint\",\"urlTemplate\":\"https:\\\/\\\/fcos.co.uk\\\/?s={search_term_string}\"},\"query-input\":{\"@type\":\"PropertyValueSpecification\",\"valueRequired\":true,\"valueName\":\"search_term_string\"}}],\"inLanguage\":\"ro-RO\"}]}<\/script>\n<!-- \/ Yoast SEO plugin. -->","yoast_head_json":{"title":"Rokhsareh Vahid | Forest & Co Solicitors","description":"Rokhsareh Vahid, Solicitor, specialises in sanctions and banking law, advising on complex litigation, account freezing and regulatory matters.","robots":{"index":"index","follow":"follow","max-snippet":"max-snippet:-1","max-image-preview":"max-image-preview:large","max-video-preview":"max-video-preview:-1"},"canonical":"https:\/\/fcos.co.uk\/ro\/rokhsareh-vahid\/","og_locale":"ro_RO","og_type":"article","og_title":"Rokhsareh Vahid | Forest & Co Solicitors","og_description":"Rokhsareh Vahid, Solicitor, specialises in sanctions and banking law, advising on complex litigation, account freezing and regulatory matters.","og_url":"https:\/\/fcos.co.uk\/ro\/rokhsareh-vahid\/","og_site_name":"FCOS","article_modified_time":"2026-03-20T13:35:19+00:00","og_image":[{"width":1200,"height":1465,"url":"https:\/\/fcos.co.uk\/wp-content\/uploads\/2026\/03\/poza1.jpg","type":"image\/jpeg"}],"twitter_card":"summary_large_image","twitter_misc":{"Timp estimat pentru citire":"3 minute"},"schema":{"@context":"https:\/\/schema.org","@graph":[{"@type":"WebPage","@id":"https:\/\/fcos.co.uk\/rokhsareh-vahid\/","url":"https:\/\/fcos.co.uk\/rokhsareh-vahid\/","name":"Rokhsareh Vahid | Forest & Co Solicitors","isPartOf":{"@id":"https:\/\/fcos.co.uk\/#website"},"datePublished":"2025-04-09T10:49:22+00:00","dateModified":"2026-03-20T13:35:19+00:00","description":"Rokhsareh Vahid, Solicitor, specialises in sanctions and banking law, advising on complex litigation, account freezing and regulatory matters.","breadcrumb":{"@id":"https:\/\/fcos.co.uk\/rokhsareh-vahid\/#breadcrumb"},"inLanguage":"ro-RO","potentialAction":[{"@type":"ReadAction","target":["https:\/\/fcos.co.uk\/rokhsareh-vahid\/"]}]},{"@type":"BreadcrumbList","@id":"https:\/\/fcos.co.uk\/rokhsareh-vahid\/#breadcrumb","itemListElement":[{"@type":"ListItem","position":1,"name":"Home","item":"https:\/\/fcos.co.uk\/"},{"@type":"ListItem","position":2,"name":"ROKHSAREH VAHID"}]},{"@type":"WebSite","@id":"https:\/\/fcos.co.uk\/#website","url":"https:\/\/fcos.co.uk\/","name":"FCOS","description":"London Legal Experts","potentialAction":[{"@type":"SearchAction","target":{"@type":"EntryPoint","urlTemplate":"https:\/\/fcos.co.uk\/?s={search_term_string}"},"query-input":{"@type":"PropertyValueSpecification","valueRequired":true,"valueName":"search_term_string"}}],"inLanguage":"ro-RO"}]}},"_links":{"self":[{"href":"https:\/\/fcos.co.uk\/ro\/wp-json\/wp\/v2\/pages\/37347","targetHints":{"allow":["GET"]}}],"collection":[{"href":"https:\/\/fcos.co.uk\/ro\/wp-json\/wp\/v2\/pages"}],"about":[{"href":"https:\/\/fcos.co.uk\/ro\/wp-json\/wp\/v2\/types\/page"}],"author":[{"embeddable":true,"href":"https:\/\/fcos.co.uk\/ro\/wp-json\/wp\/v2\/users\/3"}],"replies":[{"embeddable":true,"href":"https:\/\/fcos.co.uk\/ro\/wp-json\/wp\/v2\/comments?post=37347"}],"version-history":[{"count":8,"href":"https:\/\/fcos.co.uk\/ro\/wp-json\/wp\/v2\/pages\/37347\/revisions"}],"predecessor-version":[{"id":38256,"href":"https:\/\/fcos.co.uk\/ro\/wp-json\/wp\/v2\/pages\/37347\/revisions\/38256"}],"wp:attachment":[{"href":"https:\/\/fcos.co.uk\/ro\/wp-json\/wp\/v2\/media?parent=37347"}],"curies":[{"name":"wp","href":"https:\/\/api.w.org\/{rel}","templated":true}]}}