{"id":37518,"date":"2025-04-29T06:59:12","date_gmt":"2025-04-29T06:59:12","guid":{"rendered":"https:\/\/fcos.co.uk\/?page_id=37518"},"modified":"2026-03-20T13:31:00","modified_gmt":"2026-03-20T13:31:00","slug":"bianca-viciu","status":"publish","type":"page","link":"https:\/\/fcos.co.uk\/ro\/bianca-viciu\/","title":{"rendered":"BIANCA VICIU"},"content":{"rendered":"<div class=\"fusion-fullwidth fullwidth-box fusion-builder-row-1 fusion-flex-container has-pattern-background has-mask-background nonhundred-percent-fullwidth non-hundred-percent-height-scrolling\" style=\"--awb-border-radius-top-left:0px;--awb-border-radius-top-right:0px;--awb-border-radius-bottom-right:0px;--awb-border-radius-bottom-left:0px;--awb-flex-wrap:wrap;\" ><div class=\"fusion-builder-row fusion-row fusion-flex-align-items-flex-start fusion-flex-justify-content-center fusion-flex-content-wrap\" style=\"max-width:1456px;margin-left: calc(-4% \/ 2 );margin-right: calc(-4% \/ 2 );\"><div class=\"fusion-layout-column fusion_builder_column fusion-builder-column-0 fusion_builder_column_1_4 1_4 fusion-flex-column\" style=\"--awb-bg-size:cover;--awb-width-large:25%;--awb-margin-top-large:0px;--awb-spacing-right-large:7.68%;--awb-margin-bottom-large:20px;--awb-spacing-left-large:7.68%;--awb-width-medium:25%;--awb-order-medium:0;--awb-spacing-right-medium:7.68%;--awb-spacing-left-medium:7.68%;--awb-width-small:100%;--awb-order-small:0;--awb-spacing-right-small:1.92%;--awb-spacing-left-small:1.92%;\"><div class=\"fusion-column-wrapper fusion-column-has-shadow fusion-flex-justify-content-flex-start fusion-content-layout-column\"><div class=\"fusion-image-element\" style=\"--awb-caption-title-font-family:var(--h2_typography-font-family);--awb-caption-title-font-weight:var(--h2_typography-font-weight);--awb-caption-title-font-style:var(--h2_typography-font-style);--awb-caption-title-size:var(--h2_typography-font-size);--awb-caption-title-transform:var(--h2_typography-text-transform);--awb-caption-title-line-height:var(--h2_typography-line-height);--awb-caption-title-letter-spacing:var(--h2_typography-letter-spacing);\"><span class=\"fusion-imageframe imageframe-none imageframe-1 hover-type-none\"><img decoding=\"async\" width=\"1520\" height=\"1856\" title=\"Bianca profile\" src=\"https:\/\/fcos.co.uk\/wp-content\/uploads\/2026\/03\/Bianca-profile-scaled-e1773760952807.jpg\" alt class=\"img-responsive wp-image-38152\" srcset=\"https:\/\/fcos.co.uk\/wp-content\/uploads\/2026\/03\/Bianca-profile-scaled-e1773760952807-200x244.jpg 200w, https:\/\/fcos.co.uk\/wp-content\/uploads\/2026\/03\/Bianca-profile-scaled-e1773760952807-400x488.jpg 400w, https:\/\/fcos.co.uk\/wp-content\/uploads\/2026\/03\/Bianca-profile-scaled-e1773760952807-600x733.jpg 600w, https:\/\/fcos.co.uk\/wp-content\/uploads\/2026\/03\/Bianca-profile-scaled-e1773760952807-800x977.jpg 800w, https:\/\/fcos.co.uk\/wp-content\/uploads\/2026\/03\/Bianca-profile-scaled-e1773760952807-1200x1465.jpg 1200w, https:\/\/fcos.co.uk\/wp-content\/uploads\/2026\/03\/Bianca-profile-scaled-e1773760952807.jpg 1520w\" sizes=\"(max-width: 640px) 100vw, 400px\" \/><\/span><\/div><\/div><\/div><div class=\"fusion-layout-column fusion_builder_column fusion-builder-column-1 fusion_builder_column_1_2 1_2 fusion-flex-column\" style=\"--awb-bg-size:cover;--awb-width-large:50%;--awb-margin-top-large:0px;--awb-spacing-right-large:3.84%;--awb-margin-bottom-large:20px;--awb-spacing-left-large:3.84%;--awb-width-medium:50%;--awb-order-medium:0;--awb-spacing-right-medium:3.84%;--awb-spacing-left-medium:3.84%;--awb-width-small:100%;--awb-order-small:0;--awb-spacing-right-small:1.92%;--awb-spacing-left-small:1.92%;\"><div class=\"fusion-column-wrapper fusion-column-has-shadow fusion-flex-justify-content-flex-start fusion-content-layout-column\"><div class=\"fusion-text fusion-text-1\"><h3>Bianca Viciu<\/h3>\n<div>\n<p class=\"p1\"><span style=\"font-family: helvetica, arial, sans-serif;\"><span lang=\"EN-GB\">Bianca este specialist \u00een rela\u021bii publice \u0219i marketing \u00een cadrul Forest &amp; Co, fiind responsabil\u0103 de gestionarea imaginii firmei \u0219i de asigurarea unei comunic\u0103ri eficiente cu clien\u021bii \u0219i partenerii no\u0219tri.<\/span><span class=\"s1\"><span lang=\"EN-GB\"> Cu o orientare c\u0103tre construirea unor rela\u021bii autentice \u0219i o abordare strategic\u0103 a comunic\u0103rii, Bianca are un rol esen\u021bial \u00een consolidarea reputa\u021biei Forest &amp; Co Solicitors.<\/span><\/span><\/span><\/p>\n<\/div>\n<div>\n<p class=\"p3\"><span lang=\"EN-GB\" style=\"font-family: helvetica, arial, sans-serif;\">Cu o experien\u021b\u0103 solid\u0103 \u00een rela\u021bii publice \u0219i o bun\u0103 \u00een\u021belegere a pie\u021bei juridice, Bianca coordoneaz\u0103 ini\u021biativele de branding, media \u0219i comunicare, contribuind la promovarea valorilor \u0219i serviciilor firmei c\u0103tre un public mai larg. Abilit\u0103\u021bile sale excelente de comunicare \u0219i organizare asigur\u0103 o reprezentare profesional\u0103 a firmei \u00een toate interac\u021biunile publice \u0219i media.<\/span><\/p>\n<\/div>\n<div>\n<p class=\"p3\"><span lang=\"EN-GB\" style=\"font-family: helvetica, arial, sans-serif;\">\u00cen afara activit\u0103\u021bilor de planificare a campaniilor de comunicare sau de coordonare a evenimentelor, Bianca se bucur\u0103 de art\u0103, c\u0103l\u0103torii \u0219i de explorarea tendin\u021belor din marketingul modern. Prin dedicarea \u0219i profesionalismul s\u0103u, contribuie \u00een mod esen\u021bial la dezvoltarea \u0219i succesul continuu al Forest &amp; Co Solicitors.<\/span><\/p>\n<\/div>\n<\/div><\/div><\/div><div class=\"fusion-layout-column fusion_builder_column fusion-builder-column-2 fusion_builder_column_1_4 1_4 fusion-flex-column\" style=\"--awb-bg-size:cover;--awb-width-large:25%;--awb-margin-top-large:0px;--awb-spacing-right-large:7.68%;--awb-margin-bottom-large:20px;--awb-spacing-left-large:7.68%;--awb-width-medium:25%;--awb-order-medium:0;--awb-spacing-right-medium:7.68%;--awb-spacing-left-medium:7.68%;--awb-width-small:100%;--awb-order-small:0;--awb-spacing-right-small:1.92%;--awb-spacing-left-small:1.92%;\"><div class=\"fusion-column-wrapper fusion-column-has-shadow fusion-flex-justify-content-flex-start fusion-content-layout-column\"><nav class=\"awb-menu awb-menu_column awb-menu_em-hover mobile-mode-always-expanded awb-menu_icons-left awb-menu_dc-yes mobile-trigger-fullwidth-off awb-menu_mobile-toggle awb-menu_indent-left loading mega-menu-loading awb-menu_desktop awb-menu_dropdown awb-menu_expand-right awb-menu_transition-fade\" style=\"--awb-font-size:18px;--awb-line-height:var(--awb-typography4-line-height);--awb-text-transform:var(--awb-typography4-text-transform);--awb-letter-spacing:var(--awb-typography4-letter-spacing);--awb-active-color:var(--awb-color4);--awb-main-justify-content:flex-start;--awb-mobile-justify:flex-start;--awb-mobile-caret-left:auto;--awb-mobile-caret-right:0;--awb-fusion-font-family-typography:var(--awb-typography4-font-family);--awb-fusion-font-weight-typography:var(--awb-typography4-font-weight);--awb-fusion-font-style-typography:var(--awb-typography4-font-style);--awb-fusion-font-family-submenu-typography:inherit;--awb-fusion-font-style-submenu-typography:normal;--awb-fusion-font-weight-submenu-typography:400;--awb-fusion-font-family-mobile-typography:inherit;--awb-fusion-font-style-mobile-typography:normal;--awb-fusion-font-weight-mobile-typography:400;\" aria-label=\"TEAM\" data-breakpoint=\"1024\" data-count=\"0\" data-transition-type=\"fade\" data-transition-time=\"300\" data-expand=\"right\"><button type=\"button\" class=\"awb-menu__m-toggle awb-menu__m-toggle_no-text\" aria-expanded=\"false\" aria-controls=\"menu-team\"><span class=\"awb-menu__m-toggle-inner\"><span class=\"collapsed-nav-text\"><span class=\"screen-reader-text\">Toggle Navigation<\/span><\/span><span class=\"awb-menu__m-collapse-icon awb-menu__m-collapse-icon_no-text\"><span class=\"awb-menu__m-collapse-icon-open awb-menu__m-collapse-icon-open_no-text fa-bars fas\"><\/span><span class=\"awb-menu__m-collapse-icon-close awb-menu__m-collapse-icon-close_no-text fa-times fas\"><\/span><\/span><\/span><\/button><ul id=\"menu-team\" class=\"fusion-menu awb-menu__main-ul awb-menu__main-ul_column\"><li  id=\"menu-item-37014\"  class=\"menu-item menu-item-type-post_type menu-item-object-page menu-item-37014 awb-menu__li awb-menu__main-li awb-menu__main-li_regular\"  data-item-id=\"37014\"><span class=\"awb-menu__main-background-default awb-menu__main-background-default_fade\"><\/span><span class=\"awb-menu__main-background-active awb-menu__main-background-active_fade\"><\/span><a  href=\"https:\/\/fcos.co.uk\/ro\/mihaela-padure\/\" class=\"awb-menu__main-a awb-menu__main-a_regular\"><span class=\"menu-text\">MIHAELA P\u0102DURE<\/span><\/a><\/li><li  id=\"menu-item-37032\"  class=\"menu-item menu-item-type-post_type menu-item-object-page menu-item-37032 awb-menu__li awb-menu__main-li awb-menu__main-li_regular\"  data-item-id=\"37032\"><span class=\"awb-menu__main-background-default awb-menu__main-background-default_fade\"><\/span><span class=\"awb-menu__main-background-active awb-menu__main-background-active_fade\"><\/span><a  href=\"https:\/\/fcos.co.uk\/ro\/sandra-zaulet\/\" class=\"awb-menu__main-a awb-menu__main-a_regular\"><span class=\"menu-text\">SANDRA ZAULET<\/span><\/a><\/li><li  id=\"menu-item-37355\"  class=\"menu-item menu-item-type-post_type menu-item-object-page menu-item-37355 awb-menu__li awb-menu__main-li awb-menu__main-li_regular\"  data-item-id=\"37355\"><span class=\"awb-menu__main-background-default awb-menu__main-background-default_fade\"><\/span><span class=\"awb-menu__main-background-active awb-menu__main-background-active_fade\"><\/span><a  href=\"https:\/\/fcos.co.uk\/ro\/nicoleta-isaila\/\" class=\"awb-menu__main-a awb-menu__main-a_regular\"><span class=\"menu-text\">NICOLETA ISAIL\u0102<\/span><\/a><\/li><li  id=\"menu-item-37666\"  class=\"menu-item menu-item-type-post_type menu-item-object-page menu-item-37666 awb-menu__li awb-menu__main-li awb-menu__main-li_regular\"  data-item-id=\"37666\"><span class=\"awb-menu__main-background-default awb-menu__main-background-default_fade\"><\/span><span class=\"awb-menu__main-background-active awb-menu__main-background-active_fade\"><\/span><a  href=\"https:\/\/fcos.co.uk\/ro\/eleonora-sorodoc\/\" class=\"awb-menu__main-a awb-menu__main-a_regular\"><span class=\"menu-text\">ELEONORA SORODOC<\/span><\/a><\/li><li  id=\"menu-item-37665\"  class=\"menu-item menu-item-type-post_type menu-item-object-page menu-item-37665 awb-menu__li awb-menu__main-li awb-menu__main-li_regular\"  data-item-id=\"37665\"><span class=\"awb-menu__main-background-default awb-menu__main-background-default_fade\"><\/span><span class=\"awb-menu__main-background-active awb-menu__main-background-active_fade\"><\/span><a  href=\"https:\/\/fcos.co.uk\/ro\/mihai-luchici\/\" class=\"awb-menu__main-a awb-menu__main-a_regular\"><span class=\"menu-text\">MIHAI LUCHICI<\/span><\/a><\/li><li  id=\"menu-item-37523\"  class=\"menu-item menu-item-type-post_type menu-item-object-page menu-item-37523 awb-menu__li awb-menu__main-li awb-menu__main-li_regular\"  data-item-id=\"37523\"><span class=\"awb-menu__main-background-default awb-menu__main-background-default_fade\"><\/span><span class=\"awb-menu__main-background-active awb-menu__main-background-active_fade\"><\/span><a  href=\"https:\/\/fcos.co.uk\/ro\/bianca-viciu\/\" class=\"awb-menu__main-a awb-menu__main-a_regular\"><span class=\"menu-text\">BIANCA VICIU<\/span><\/a><\/li><li  id=\"menu-item-38007\"  class=\"menu-item menu-item-type-post_type menu-item-object-page menu-item-38007 awb-menu__li awb-menu__main-li awb-menu__main-li_regular\"  data-item-id=\"38007\"><span class=\"awb-menu__main-background-default awb-menu__main-background-default_fade\"><\/span><span class=\"awb-menu__main-background-active awb-menu__main-background-active_fade\"><\/span><a  href=\"https:\/\/fcos.co.uk\/ro\/rokhsareh-vahid\/\" class=\"awb-menu__main-a awb-menu__main-a_regular\"><span class=\"menu-text\">ROKHSAREH VAHID<\/span><\/a><\/li><li  id=\"menu-item-38014\"  class=\"menu-item menu-item-type-post_type menu-item-object-page menu-item-38014 awb-menu__li awb-menu__main-li awb-menu__main-li_regular\"  data-item-id=\"38014\"><span class=\"awb-menu__main-background-default awb-menu__main-background-default_fade\"><\/span><span class=\"awb-menu__main-background-active awb-menu__main-background-active_fade\"><\/span><a  href=\"https:\/\/fcos.co.uk\/ro\/victoria-ten\/\" class=\"awb-menu__main-a awb-menu__main-a_regular\"><span class=\"menu-text\">VICTORIA TEN<\/span><\/a><\/li><\/ul><\/nav><\/div><\/div><\/div><\/div>","protected":false},"excerpt":{"rendered":"","protected":false},"author":3,"featured_media":0,"parent":0,"menu_order":0,"comment_status":"closed","ping_status":"closed","template":"","meta":{"footnotes":""},"class_list":["post-37518","page","type-page","status-publish","hentry"],"yoast_head":"<!-- This site is optimized with the Yoast SEO plugin v27.4 - https:\/\/yoast.com\/product\/yoast-seo-wordpress\/ -->\n<title>Bianca Viciu | Forest &amp; Co Solicitors<\/title>\n<meta name=\"description\" content=\"Bianca Viciu, Marketing and PR Specialist, manages branding and communications at Forest &amp; Co, strengthening client relationships and firm reputation.\" \/>\n<meta name=\"robots\" content=\"index, follow, max-snippet:-1, max-image-preview:large, max-video-preview:-1\" \/>\n<link rel=\"canonical\" href=\"https:\/\/fcos.co.uk\/ro\/bianca-viciu\/\" \/>\n<meta property=\"og:locale\" content=\"ro_RO\" \/>\n<meta property=\"og:type\" content=\"article\" \/>\n<meta property=\"og:title\" content=\"Bianca Viciu | Forest &amp; Co Solicitors\" \/>\n<meta property=\"og:description\" content=\"Bianca Viciu, Marketing and PR Specialist, manages branding and communications at Forest &amp; Co, strengthening client relationships and firm reputation.\" \/>\n<meta property=\"og:url\" content=\"https:\/\/fcos.co.uk\/ro\/bianca-viciu\/\" \/>\n<meta property=\"og:site_name\" content=\"FCOS\" \/>\n<meta property=\"article:modified_time\" content=\"2026-03-20T13:31:00+00:00\" \/>\n<meta property=\"og:image\" content=\"https:\/\/fcos.co.uk\/wp-content\/uploads\/2026\/03\/Bianca-profile-scaled-e1773760952807.jpg\" \/>\n\t<meta property=\"og:image:width\" content=\"1520\" \/>\n\t<meta property=\"og:image:height\" content=\"1856\" \/>\n\t<meta property=\"og:image:type\" content=\"image\/jpeg\" \/>\n<meta name=\"twitter:card\" content=\"summary_large_image\" \/>\n<meta name=\"twitter:label1\" content=\"Timp estimat pentru citire\" \/>\n\t<meta name=\"twitter:data1\" content=\"1 minut\" \/>\n<script type=\"application\/ld+json\" class=\"yoast-schema-graph\">{\"@context\":\"https:\\\/\\\/schema.org\",\"@graph\":[{\"@type\":\"WebPage\",\"@id\":\"https:\\\/\\\/fcos.co.uk\\\/bianca-viciu\\\/\",\"url\":\"https:\\\/\\\/fcos.co.uk\\\/bianca-viciu\\\/\",\"name\":\"Bianca Viciu | Forest & Co Solicitors\",\"isPartOf\":{\"@id\":\"https:\\\/\\\/fcos.co.uk\\\/#website\"},\"datePublished\":\"2025-04-29T06:59:12+00:00\",\"dateModified\":\"2026-03-20T13:31:00+00:00\",\"description\":\"Bianca Viciu, Marketing and PR Specialist, manages branding and communications at Forest & Co, strengthening client relationships and firm reputation.\",\"breadcrumb\":{\"@id\":\"https:\\\/\\\/fcos.co.uk\\\/bianca-viciu\\\/#breadcrumb\"},\"inLanguage\":\"ro-RO\",\"potentialAction\":[{\"@type\":\"ReadAction\",\"target\":[\"https:\\\/\\\/fcos.co.uk\\\/bianca-viciu\\\/\"]}]},{\"@type\":\"BreadcrumbList\",\"@id\":\"https:\\\/\\\/fcos.co.uk\\\/bianca-viciu\\\/#breadcrumb\",\"itemListElement\":[{\"@type\":\"ListItem\",\"position\":1,\"name\":\"Home\",\"item\":\"https:\\\/\\\/fcos.co.uk\\\/\"},{\"@type\":\"ListItem\",\"position\":2,\"name\":\"BIANCA VICIU\"}]},{\"@type\":\"WebSite\",\"@id\":\"https:\\\/\\\/fcos.co.uk\\\/#website\",\"url\":\"https:\\\/\\\/fcos.co.uk\\\/\",\"name\":\"FCOS\",\"description\":\"London Legal Experts\",\"potentialAction\":[{\"@type\":\"SearchAction\",\"target\":{\"@type\":\"EntryPoint\",\"urlTemplate\":\"https:\\\/\\\/fcos.co.uk\\\/?s={search_term_string}\"},\"query-input\":{\"@type\":\"PropertyValueSpecification\",\"valueRequired\":true,\"valueName\":\"search_term_string\"}}],\"inLanguage\":\"ro-RO\"}]}<\/script>\n<!-- \/ Yoast SEO plugin. -->","yoast_head_json":{"title":"Bianca Viciu | Forest & Co Solicitors","description":"Bianca Viciu, Marketing and PR Specialist, manages branding and communications at Forest & Co, strengthening client relationships and firm reputation.","robots":{"index":"index","follow":"follow","max-snippet":"max-snippet:-1","max-image-preview":"max-image-preview:large","max-video-preview":"max-video-preview:-1"},"canonical":"https:\/\/fcos.co.uk\/ro\/bianca-viciu\/","og_locale":"ro_RO","og_type":"article","og_title":"Bianca Viciu | Forest & Co Solicitors","og_description":"Bianca Viciu, Marketing and PR Specialist, manages branding and communications at Forest & Co, strengthening client relationships and firm reputation.","og_url":"https:\/\/fcos.co.uk\/ro\/bianca-viciu\/","og_site_name":"FCOS","article_modified_time":"2026-03-20T13:31:00+00:00","og_image":[{"width":1520,"height":1856,"url":"https:\/\/fcos.co.uk\/wp-content\/uploads\/2026\/03\/Bianca-profile-scaled-e1773760952807.jpg","type":"image\/jpeg"}],"twitter_card":"summary_large_image","twitter_misc":{"Timp estimat pentru citire":"1 minut"},"schema":{"@context":"https:\/\/schema.org","@graph":[{"@type":"WebPage","@id":"https:\/\/fcos.co.uk\/bianca-viciu\/","url":"https:\/\/fcos.co.uk\/bianca-viciu\/","name":"Bianca Viciu | Forest & Co Solicitors","isPartOf":{"@id":"https:\/\/fcos.co.uk\/#website"},"datePublished":"2025-04-29T06:59:12+00:00","dateModified":"2026-03-20T13:31:00+00:00","description":"Bianca Viciu, Marketing and PR Specialist, manages branding and communications at Forest & Co, strengthening client relationships and firm reputation.","breadcrumb":{"@id":"https:\/\/fcos.co.uk\/bianca-viciu\/#breadcrumb"},"inLanguage":"ro-RO","potentialAction":[{"@type":"ReadAction","target":["https:\/\/fcos.co.uk\/bianca-viciu\/"]}]},{"@type":"BreadcrumbList","@id":"https:\/\/fcos.co.uk\/bianca-viciu\/#breadcrumb","itemListElement":[{"@type":"ListItem","position":1,"name":"Home","item":"https:\/\/fcos.co.uk\/"},{"@type":"ListItem","position":2,"name":"BIANCA VICIU"}]},{"@type":"WebSite","@id":"https:\/\/fcos.co.uk\/#website","url":"https:\/\/fcos.co.uk\/","name":"FCOS","description":"London Legal Experts","potentialAction":[{"@type":"SearchAction","target":{"@type":"EntryPoint","urlTemplate":"https:\/\/fcos.co.uk\/?s={search_term_string}"},"query-input":{"@type":"PropertyValueSpecification","valueRequired":true,"valueName":"search_term_string"}}],"inLanguage":"ro-RO"}]}},"_links":{"self":[{"href":"https:\/\/fcos.co.uk\/ro\/wp-json\/wp\/v2\/pages\/37518","targetHints":{"allow":["GET"]}}],"collection":[{"href":"https:\/\/fcos.co.uk\/ro\/wp-json\/wp\/v2\/pages"}],"about":[{"href":"https:\/\/fcos.co.uk\/ro\/wp-json\/wp\/v2\/types\/page"}],"author":[{"embeddable":true,"href":"https:\/\/fcos.co.uk\/ro\/wp-json\/wp\/v2\/users\/3"}],"replies":[{"embeddable":true,"href":"https:\/\/fcos.co.uk\/ro\/wp-json\/wp\/v2\/comments?post=37518"}],"version-history":[{"count":4,"href":"https:\/\/fcos.co.uk\/ro\/wp-json\/wp\/v2\/pages\/37518\/revisions"}],"predecessor-version":[{"id":38254,"href":"https:\/\/fcos.co.uk\/ro\/wp-json\/wp\/v2\/pages\/37518\/revisions\/38254"}],"wp:attachment":[{"href":"https:\/\/fcos.co.uk\/ro\/wp-json\/wp\/v2\/media?parent=37518"}],"curies":[{"name":"wp","href":"https:\/\/api.w.org\/{rel}","templated":true}]}}