{"id":38011,"date":"2026-02-26T12:08:07","date_gmt":"2026-02-26T12:08:07","guid":{"rendered":"https:\/\/fcos.co.uk\/?page_id=38011"},"modified":"2026-03-20T13:36:57","modified_gmt":"2026-03-20T13:36:57","slug":"victoria-ten","status":"publish","type":"page","link":"https:\/\/fcos.co.uk\/ro\/victoria-ten\/","title":{"rendered":"VICTORIA TEN"},"content":{"rendered":"<div class=\"fusion-fullwidth fullwidth-box fusion-builder-row-1 fusion-flex-container has-pattern-background has-mask-background nonhundred-percent-fullwidth non-hundred-percent-height-scrolling\" style=\"--awb-border-radius-top-left:0px;--awb-border-radius-top-right:0px;--awb-border-radius-bottom-right:0px;--awb-border-radius-bottom-left:0px;--awb-flex-wrap:wrap;\" ><div class=\"fusion-builder-row fusion-row fusion-flex-align-items-flex-start fusion-flex-justify-content-center fusion-flex-content-wrap\" style=\"max-width:1456px;margin-left: calc(-4% \/ 2 );margin-right: calc(-4% \/ 2 );\"><div class=\"fusion-layout-column fusion_builder_column fusion-builder-column-0 fusion_builder_column_1_4 1_4 fusion-flex-column\" style=\"--awb-bg-size:cover;--awb-width-large:25%;--awb-margin-top-large:0px;--awb-spacing-right-large:7.68%;--awb-margin-bottom-large:20px;--awb-spacing-left-large:7.68%;--awb-width-medium:25%;--awb-order-medium:0;--awb-spacing-right-medium:7.68%;--awb-spacing-left-medium:7.68%;--awb-width-small:100%;--awb-order-small:0;--awb-spacing-right-small:1.92%;--awb-spacing-left-small:1.92%;\"><div class=\"fusion-column-wrapper fusion-column-has-shadow fusion-flex-justify-content-flex-start fusion-content-layout-column\"><div class=\"fusion-image-element\" style=\"--awb-caption-title-font-family:var(--h2_typography-font-family);--awb-caption-title-font-weight:var(--h2_typography-font-weight);--awb-caption-title-font-style:var(--h2_typography-font-style);--awb-caption-title-size:var(--h2_typography-font-size);--awb-caption-title-transform:var(--h2_typography-text-transform);--awb-caption-title-line-height:var(--h2_typography-line-height);--awb-caption-title-letter-spacing:var(--h2_typography-letter-spacing);\"><span class=\"fusion-imageframe imageframe-none imageframe-1 hover-type-none\"><img decoding=\"async\" width=\"1200\" height=\"1465\" title=\"poza2\" src=\"https:\/\/fcos.co.uk\/wp-content\/uploads\/2026\/03\/poza2.jpg\" alt class=\"img-responsive wp-image-38257\" srcset=\"https:\/\/fcos.co.uk\/wp-content\/uploads\/2026\/03\/poza2-200x244.jpg 200w, https:\/\/fcos.co.uk\/wp-content\/uploads\/2026\/03\/poza2-400x488.jpg 400w, https:\/\/fcos.co.uk\/wp-content\/uploads\/2026\/03\/poza2-600x733.jpg 600w, https:\/\/fcos.co.uk\/wp-content\/uploads\/2026\/03\/poza2-800x977.jpg 800w, https:\/\/fcos.co.uk\/wp-content\/uploads\/2026\/03\/poza2.jpg 1200w\" sizes=\"(max-width: 640px) 100vw, 400px\" \/><\/span><\/div><\/div><\/div><div class=\"fusion-layout-column fusion_builder_column fusion-builder-column-1 fusion_builder_column_1_2 1_2 fusion-flex-column\" style=\"--awb-bg-size:cover;--awb-width-large:50%;--awb-margin-top-large:0px;--awb-spacing-right-large:3.84%;--awb-margin-bottom-large:20px;--awb-spacing-left-large:3.84%;--awb-width-medium:50%;--awb-order-medium:0;--awb-spacing-right-medium:3.84%;--awb-spacing-left-medium:3.84%;--awb-width-small:100%;--awb-order-small:0;--awb-spacing-right-small:1.92%;--awb-spacing-left-small:1.92%;\"><div class=\"fusion-column-wrapper fusion-column-has-shadow fusion-flex-justify-content-flex-start fusion-content-layout-column\"><div class=\"fusion-text fusion-text-1\"><h3>Victoria Ten<\/h3>\n<div>\n<p class=\"p1\">Victoria Ten aduce \u00een practica sa juridic\u0103 o experien\u021b\u0103 interna\u021bional\u0103 vast\u0103. A fost admis\u0103 \u00een Baroul din Israel \u00een anul 2000, iar ulterior s-a calificat ca solicitor \u00een Anglia \u0219i \u021aara Galilor \u00een 2020. Absolvent\u0103 a Universit\u0103\u021bii Ebraice din Ierusalim (LLB), \u0219i-a continuat studiile prin ob\u021binerea unui master \u00een Filosofie Coreean\u0103 la Sungkyunkwan University din Seul \u0219i a unui doctorat \u00een Studii Coreene la Leiden University din Olanda. \u00cen prezent, \u00ee\u0219i extinde cuno\u0219tin\u021bele prin studii \u00een domeniul Fintech Law and Regulation la University of London.\n\nPe l\u00e2ng\u0103 activitatea sa juridic\u0103, Victoria este un antropolog des\u0103v\u00e2r\u0219it, public\u00e2nd cercet\u0103ri despre societatea coreean\u0103 contemporan\u0103 \u0219i pred\u00e2nd disciplina coreean\u0103 de tip mind-body cunoscut\u0103 sub denumirea de GiCheon. Vorbitoare fluent\u0103 de englez\u0103, francez\u0103, olandez\u0103, rus\u0103, coreean\u0103 \u0219i ebraic\u0103, aduce o perspectiv\u0103 cu adev\u0103rat global\u0103 \u00een activitatea sa.\n\n\u00cen afara vie\u021bii profesionale, Victoria se bucur\u0103 de \u00eenotul \u00een ape deschise, drume\u021bii \u0219i dans salsa.<\/p>\n<p><b>Expertiza<\/b><\/p>\n<ul>\n<li>Master (MA) \u00een Filosofie Coreean\u0103, Sungkyunkwan University, Seul, Coreea de Sud<\/li>\n<li>Doctorat (PhD) \u00een Studii Coreene, Leiden University, Olanda<\/li>\n<li>\u00cen prezent urmeaz\u0103 studii \u00een domeniul Fintech Law and Regulation la University of London<\/li>\n<li>Avocat calificat \u00een Israel<\/li>\n<li>Avocat (solicitor) \u00een Anglia \u0219i \u021aara Galilor<\/li>\n<\/ul>\n<\/div>\n<div><\/div>\n<\/div><\/div><\/div><div class=\"fusion-layout-column fusion_builder_column fusion-builder-column-2 fusion_builder_column_1_4 1_4 fusion-flex-column\" style=\"--awb-bg-size:cover;--awb-width-large:25%;--awb-margin-top-large:0px;--awb-spacing-right-large:7.68%;--awb-margin-bottom-large:20px;--awb-spacing-left-large:7.68%;--awb-width-medium:25%;--awb-order-medium:0;--awb-spacing-right-medium:7.68%;--awb-spacing-left-medium:7.68%;--awb-width-small:100%;--awb-order-small:0;--awb-spacing-right-small:1.92%;--awb-spacing-left-small:1.92%;\"><div class=\"fusion-column-wrapper fusion-column-has-shadow fusion-flex-justify-content-flex-start fusion-content-layout-column\"><nav class=\"awb-menu awb-menu_column awb-menu_em-hover mobile-mode-always-expanded awb-menu_icons-left awb-menu_dc-yes mobile-trigger-fullwidth-off awb-menu_mobile-toggle awb-menu_indent-left loading mega-menu-loading awb-menu_desktop awb-menu_dropdown awb-menu_expand-right awb-menu_transition-fade\" style=\"--awb-font-size:18px;--awb-line-height:var(--awb-typography4-line-height);--awb-text-transform:var(--awb-typography4-text-transform);--awb-letter-spacing:var(--awb-typography4-letter-spacing);--awb-active-color:var(--awb-color4);--awb-main-justify-content:flex-start;--awb-mobile-justify:flex-start;--awb-mobile-caret-left:auto;--awb-mobile-caret-right:0;--awb-fusion-font-family-typography:var(--awb-typography4-font-family);--awb-fusion-font-weight-typography:var(--awb-typography4-font-weight);--awb-fusion-font-style-typography:var(--awb-typography4-font-style);--awb-fusion-font-family-submenu-typography:inherit;--awb-fusion-font-style-submenu-typography:normal;--awb-fusion-font-weight-submenu-typography:400;--awb-fusion-font-family-mobile-typography:inherit;--awb-fusion-font-style-mobile-typography:normal;--awb-fusion-font-weight-mobile-typography:400;\" aria-label=\"TEAM\" data-breakpoint=\"1024\" data-count=\"0\" data-transition-type=\"fade\" data-transition-time=\"300\" data-expand=\"right\"><button type=\"button\" class=\"awb-menu__m-toggle awb-menu__m-toggle_no-text\" aria-expanded=\"false\" aria-controls=\"menu-team\"><span class=\"awb-menu__m-toggle-inner\"><span class=\"collapsed-nav-text\"><span class=\"screen-reader-text\">Toggle Navigation<\/span><\/span><span class=\"awb-menu__m-collapse-icon awb-menu__m-collapse-icon_no-text\"><span class=\"awb-menu__m-collapse-icon-open awb-menu__m-collapse-icon-open_no-text fa-bars fas\"><\/span><span class=\"awb-menu__m-collapse-icon-close awb-menu__m-collapse-icon-close_no-text fa-times fas\"><\/span><\/span><\/span><\/button><ul id=\"menu-team\" class=\"fusion-menu awb-menu__main-ul awb-menu__main-ul_column\"><li  id=\"menu-item-37014\"  class=\"menu-item menu-item-type-post_type menu-item-object-page menu-item-37014 awb-menu__li awb-menu__main-li awb-menu__main-li_regular\"  data-item-id=\"37014\"><span class=\"awb-menu__main-background-default awb-menu__main-background-default_fade\"><\/span><span class=\"awb-menu__main-background-active awb-menu__main-background-active_fade\"><\/span><a  href=\"https:\/\/fcos.co.uk\/ro\/mihaela-padure\/\" class=\"awb-menu__main-a awb-menu__main-a_regular\"><span class=\"menu-text\">MIHAELA P\u0102DURE<\/span><\/a><\/li><li  id=\"menu-item-37032\"  class=\"menu-item menu-item-type-post_type menu-item-object-page menu-item-37032 awb-menu__li awb-menu__main-li awb-menu__main-li_regular\"  data-item-id=\"37032\"><span class=\"awb-menu__main-background-default awb-menu__main-background-default_fade\"><\/span><span class=\"awb-menu__main-background-active awb-menu__main-background-active_fade\"><\/span><a  href=\"https:\/\/fcos.co.uk\/ro\/sandra-zaulet\/\" class=\"awb-menu__main-a awb-menu__main-a_regular\"><span class=\"menu-text\">SANDRA ZAULET<\/span><\/a><\/li><li  id=\"menu-item-37355\"  class=\"menu-item menu-item-type-post_type menu-item-object-page menu-item-37355 awb-menu__li awb-menu__main-li awb-menu__main-li_regular\"  data-item-id=\"37355\"><span class=\"awb-menu__main-background-default awb-menu__main-background-default_fade\"><\/span><span class=\"awb-menu__main-background-active awb-menu__main-background-active_fade\"><\/span><a  href=\"https:\/\/fcos.co.uk\/ro\/nicoleta-isaila\/\" class=\"awb-menu__main-a awb-menu__main-a_regular\"><span class=\"menu-text\">NICOLETA ISAIL\u0102<\/span><\/a><\/li><li  id=\"menu-item-37666\"  class=\"menu-item menu-item-type-post_type menu-item-object-page menu-item-37666 awb-menu__li awb-menu__main-li awb-menu__main-li_regular\"  data-item-id=\"37666\"><span class=\"awb-menu__main-background-default awb-menu__main-background-default_fade\"><\/span><span class=\"awb-menu__main-background-active awb-menu__main-background-active_fade\"><\/span><a  href=\"https:\/\/fcos.co.uk\/ro\/eleonora-sorodoc\/\" class=\"awb-menu__main-a awb-menu__main-a_regular\"><span class=\"menu-text\">ELEONORA SORODOC<\/span><\/a><\/li><li  id=\"menu-item-37665\"  class=\"menu-item menu-item-type-post_type menu-item-object-page menu-item-37665 awb-menu__li awb-menu__main-li awb-menu__main-li_regular\"  data-item-id=\"37665\"><span class=\"awb-menu__main-background-default awb-menu__main-background-default_fade\"><\/span><span class=\"awb-menu__main-background-active awb-menu__main-background-active_fade\"><\/span><a  href=\"https:\/\/fcos.co.uk\/ro\/mihai-luchici\/\" class=\"awb-menu__main-a awb-menu__main-a_regular\"><span class=\"menu-text\">MIHAI LUCHICI<\/span><\/a><\/li><li  id=\"menu-item-37523\"  class=\"menu-item menu-item-type-post_type menu-item-object-page menu-item-37523 awb-menu__li awb-menu__main-li awb-menu__main-li_regular\"  data-item-id=\"37523\"><span class=\"awb-menu__main-background-default awb-menu__main-background-default_fade\"><\/span><span class=\"awb-menu__main-background-active awb-menu__main-background-active_fade\"><\/span><a  href=\"https:\/\/fcos.co.uk\/ro\/bianca-viciu\/\" class=\"awb-menu__main-a awb-menu__main-a_regular\"><span class=\"menu-text\">BIANCA VICIU<\/span><\/a><\/li><li  id=\"menu-item-38007\"  class=\"menu-item menu-item-type-post_type menu-item-object-page menu-item-38007 awb-menu__li awb-menu__main-li awb-menu__main-li_regular\"  data-item-id=\"38007\"><span class=\"awb-menu__main-background-default awb-menu__main-background-default_fade\"><\/span><span class=\"awb-menu__main-background-active awb-menu__main-background-active_fade\"><\/span><a  href=\"https:\/\/fcos.co.uk\/ro\/rokhsareh-vahid\/\" class=\"awb-menu__main-a awb-menu__main-a_regular\"><span class=\"menu-text\">ROKHSAREH VAHID<\/span><\/a><\/li><li  id=\"menu-item-38014\"  class=\"menu-item menu-item-type-post_type menu-item-object-page menu-item-38014 awb-menu__li awb-menu__main-li awb-menu__main-li_regular\"  data-item-id=\"38014\"><span class=\"awb-menu__main-background-default awb-menu__main-background-default_fade\"><\/span><span class=\"awb-menu__main-background-active awb-menu__main-background-active_fade\"><\/span><a  href=\"https:\/\/fcos.co.uk\/ro\/victoria-ten\/\" class=\"awb-menu__main-a awb-menu__main-a_regular\"><span class=\"menu-text\">VICTORIA TEN<\/span><\/a><\/li><\/ul><\/nav><\/div><\/div><\/div><\/div>","protected":false},"excerpt":{"rendered":"","protected":false},"author":3,"featured_media":0,"parent":0,"menu_order":0,"comment_status":"closed","ping_status":"closed","template":"","meta":{"footnotes":""},"class_list":["post-38011","page","type-page","status-publish","hentry"],"yoast_head":"<!-- This site is optimized with the Yoast SEO plugin v27.4 - https:\/\/yoast.com\/product\/yoast-seo-wordpress\/ -->\n<title>Victoria Ten | Forest &amp; Co Solicitors<\/title>\n<meta name=\"description\" content=\"Victoria Ten, Solicitor, offers international legal expertise, qualified in Israel and England &amp; Wales, with a global, multilingual approach to legal practice.\" \/>\n<meta name=\"robots\" content=\"index, follow, max-snippet:-1, max-image-preview:large, max-video-preview:-1\" \/>\n<link rel=\"canonical\" href=\"https:\/\/fcos.co.uk\/ro\/victoria-ten\/\" \/>\n<meta property=\"og:locale\" content=\"ro_RO\" \/>\n<meta property=\"og:type\" content=\"article\" \/>\n<meta property=\"og:title\" content=\"Victoria Ten | Forest &amp; Co Solicitors\" \/>\n<meta property=\"og:description\" content=\"Victoria Ten, Solicitor, offers international legal expertise, qualified in Israel and England &amp; Wales, with a global, multilingual approach to legal practice.\" \/>\n<meta property=\"og:url\" content=\"https:\/\/fcos.co.uk\/ro\/victoria-ten\/\" \/>\n<meta property=\"og:site_name\" content=\"FCOS\" \/>\n<meta property=\"article:modified_time\" content=\"2026-03-20T13:36:57+00:00\" \/>\n<meta property=\"og:image\" content=\"https:\/\/fcos.co.uk\/wp-content\/uploads\/2026\/03\/poza2.jpg\" \/>\n\t<meta property=\"og:image:width\" content=\"1200\" \/>\n\t<meta property=\"og:image:height\" content=\"1465\" \/>\n\t<meta property=\"og:image:type\" content=\"image\/jpeg\" \/>\n<meta name=\"twitter:card\" content=\"summary_large_image\" \/>\n<meta name=\"twitter:label1\" content=\"Timp estimat pentru citire\" \/>\n\t<meta name=\"twitter:data1\" content=\"2 minute\" \/>\n<script type=\"application\/ld+json\" class=\"yoast-schema-graph\">{\"@context\":\"https:\\\/\\\/schema.org\",\"@graph\":[{\"@type\":\"WebPage\",\"@id\":\"https:\\\/\\\/fcos.co.uk\\\/victoria-ten\\\/\",\"url\":\"https:\\\/\\\/fcos.co.uk\\\/victoria-ten\\\/\",\"name\":\"Victoria Ten | Forest & Co Solicitors\",\"isPartOf\":{\"@id\":\"https:\\\/\\\/fcos.co.uk\\\/#website\"},\"datePublished\":\"2026-02-26T12:08:07+00:00\",\"dateModified\":\"2026-03-20T13:36:57+00:00\",\"description\":\"Victoria Ten, Solicitor, offers international legal expertise, qualified in Israel and England & Wales, with a global, multilingual approach to legal practice.\",\"breadcrumb\":{\"@id\":\"https:\\\/\\\/fcos.co.uk\\\/victoria-ten\\\/#breadcrumb\"},\"inLanguage\":\"ro-RO\",\"potentialAction\":[{\"@type\":\"ReadAction\",\"target\":[\"https:\\\/\\\/fcos.co.uk\\\/victoria-ten\\\/\"]}]},{\"@type\":\"BreadcrumbList\",\"@id\":\"https:\\\/\\\/fcos.co.uk\\\/victoria-ten\\\/#breadcrumb\",\"itemListElement\":[{\"@type\":\"ListItem\",\"position\":1,\"name\":\"Home\",\"item\":\"https:\\\/\\\/fcos.co.uk\\\/\"},{\"@type\":\"ListItem\",\"position\":2,\"name\":\"VICTORIA TEN\"}]},{\"@type\":\"WebSite\",\"@id\":\"https:\\\/\\\/fcos.co.uk\\\/#website\",\"url\":\"https:\\\/\\\/fcos.co.uk\\\/\",\"name\":\"FCOS\",\"description\":\"London Legal Experts\",\"potentialAction\":[{\"@type\":\"SearchAction\",\"target\":{\"@type\":\"EntryPoint\",\"urlTemplate\":\"https:\\\/\\\/fcos.co.uk\\\/?s={search_term_string}\"},\"query-input\":{\"@type\":\"PropertyValueSpecification\",\"valueRequired\":true,\"valueName\":\"search_term_string\"}}],\"inLanguage\":\"ro-RO\"}]}<\/script>\n<!-- \/ Yoast SEO plugin. -->","yoast_head_json":{"title":"Victoria Ten | Forest & Co Solicitors","description":"Victoria Ten, Solicitor, offers international legal expertise, qualified in Israel and England & Wales, with a global, multilingual approach to legal practice.","robots":{"index":"index","follow":"follow","max-snippet":"max-snippet:-1","max-image-preview":"max-image-preview:large","max-video-preview":"max-video-preview:-1"},"canonical":"https:\/\/fcos.co.uk\/ro\/victoria-ten\/","og_locale":"ro_RO","og_type":"article","og_title":"Victoria Ten | Forest & Co Solicitors","og_description":"Victoria Ten, Solicitor, offers international legal expertise, qualified in Israel and England & Wales, with a global, multilingual approach to legal practice.","og_url":"https:\/\/fcos.co.uk\/ro\/victoria-ten\/","og_site_name":"FCOS","article_modified_time":"2026-03-20T13:36:57+00:00","og_image":[{"width":1200,"height":1465,"url":"https:\/\/fcos.co.uk\/wp-content\/uploads\/2026\/03\/poza2.jpg","type":"image\/jpeg"}],"twitter_card":"summary_large_image","twitter_misc":{"Timp estimat pentru citire":"2 minute"},"schema":{"@context":"https:\/\/schema.org","@graph":[{"@type":"WebPage","@id":"https:\/\/fcos.co.uk\/victoria-ten\/","url":"https:\/\/fcos.co.uk\/victoria-ten\/","name":"Victoria Ten | Forest & Co Solicitors","isPartOf":{"@id":"https:\/\/fcos.co.uk\/#website"},"datePublished":"2026-02-26T12:08:07+00:00","dateModified":"2026-03-20T13:36:57+00:00","description":"Victoria Ten, Solicitor, offers international legal expertise, qualified in Israel and England & Wales, with a global, multilingual approach to legal practice.","breadcrumb":{"@id":"https:\/\/fcos.co.uk\/victoria-ten\/#breadcrumb"},"inLanguage":"ro-RO","potentialAction":[{"@type":"ReadAction","target":["https:\/\/fcos.co.uk\/victoria-ten\/"]}]},{"@type":"BreadcrumbList","@id":"https:\/\/fcos.co.uk\/victoria-ten\/#breadcrumb","itemListElement":[{"@type":"ListItem","position":1,"name":"Home","item":"https:\/\/fcos.co.uk\/"},{"@type":"ListItem","position":2,"name":"VICTORIA TEN"}]},{"@type":"WebSite","@id":"https:\/\/fcos.co.uk\/#website","url":"https:\/\/fcos.co.uk\/","name":"FCOS","description":"London Legal Experts","potentialAction":[{"@type":"SearchAction","target":{"@type":"EntryPoint","urlTemplate":"https:\/\/fcos.co.uk\/?s={search_term_string}"},"query-input":{"@type":"PropertyValueSpecification","valueRequired":true,"valueName":"search_term_string"}}],"inLanguage":"ro-RO"}]}},"_links":{"self":[{"href":"https:\/\/fcos.co.uk\/ro\/wp-json\/wp\/v2\/pages\/38011","targetHints":{"allow":["GET"]}}],"collection":[{"href":"https:\/\/fcos.co.uk\/ro\/wp-json\/wp\/v2\/pages"}],"about":[{"href":"https:\/\/fcos.co.uk\/ro\/wp-json\/wp\/v2\/types\/page"}],"author":[{"embeddable":true,"href":"https:\/\/fcos.co.uk\/ro\/wp-json\/wp\/v2\/users\/3"}],"replies":[{"embeddable":true,"href":"https:\/\/fcos.co.uk\/ro\/wp-json\/wp\/v2\/comments?post=38011"}],"version-history":[{"count":3,"href":"https:\/\/fcos.co.uk\/ro\/wp-json\/wp\/v2\/pages\/38011\/revisions"}],"predecessor-version":[{"id":38258,"href":"https:\/\/fcos.co.uk\/ro\/wp-json\/wp\/v2\/pages\/38011\/revisions\/38258"}],"wp:attachment":[{"href":"https:\/\/fcos.co.uk\/ro\/wp-json\/wp\/v2\/media?parent=38011"}],"curies":[{"name":"wp","href":"https:\/\/api.w.org\/{rel}","templated":true}]}}